{"id":2684,"date":"2025-12-01T20:32:47","date_gmt":"2025-12-01T20:32:47","guid":{"rendered":"https:\/\/bosonsystems.store\/?page_id=2684"},"modified":"2025-12-01T22:34:53","modified_gmt":"2025-12-01T22:34:53","slug":"about-us","status":"publish","type":"page","link":"https:\/\/bosonsystems.store\/fr\/about-us\/","title":{"rendered":"\u00c0 Propos"},"content":{"rendered":"<div data-elementor-type=\"wp-page\" data-elementor-id=\"2684\" class=\"elementor elementor-2684\" data-elementor-post-type=\"page\">\n\t\t\t\t<div data-particle_enable=\"false\" data-particle-mobile-disabled=\"false\" class=\"elementor-element elementor-element-168831a e-flex e-con-boxed e-con e-parent\" data-id=\"168831a\" data-element_type=\"container\" data-e-type=\"container\">\n\t\t\t\t\t<div class=\"e-con-inner\">\n\t\t<div data-particle_enable=\"false\" data-particle-mobile-disabled=\"false\" class=\"elementor-element elementor-element-83ca3cf e-con-full e-flex e-con e-child\" data-id=\"83ca3cf\" data-element_type=\"container\" data-e-type=\"container\">\n\t\t\t\t<div class=\"elementor-element elementor-element-e22d5c5 elementor-widget elementor-widget-heading\" data-id=\"e22d5c5\" data-element_type=\"widget\" data-e-type=\"widget\" data-widget_type=\"heading.default\">\n\t\t\t\t\t<h1 class=\"elementor-heading-title elementor-size-default\">Adoptez l'obscurit\u00e9<\/h1>\t\t\t\t<\/div>\n\t\t\t\t<div class=\"elementor-element elementor-element-4830bac elementor-widget elementor-widget-text-editor\" data-id=\"4830bac\" data-element_type=\"widget\" data-e-type=\"widget\" data-widget_type=\"text-editor.default\">\n\t\t\t\t\t\t\t\t\t<p><span style=\"font-weight: 200;\">Voir dans l'obscurit\u00e9 n'a jamais \u00e9t\u00e9 un privil\u00e8ge r\u00e9serv\u00e9 aux h\u00e9ros de fiction. Depuis 2024, Boson Systems bouscule les standards en d\u00e9veloppant des solutions de vision nocturne qui ne laissent aucune place au compromis. Pas de gadgets. Pas d'excuses. Juste de la performance pure.<\/span><\/p>\t\t\t\t\t\t\t\t<\/div>\n\t\t\t\t<\/div>\n\t\t<div data-particle_enable=\"false\" data-particle-mobile-disabled=\"false\" class=\"elementor-element elementor-element-a430e55 e-con-full e-flex e-con e-child\" data-id=\"a430e55\" data-element_type=\"container\" data-e-type=\"container\">\n\t\t\t\t<div class=\"elementor-element elementor-element-cdf44f9 elementor-widget elementor-widget-heading\" data-id=\"cdf44f9\" data-element_type=\"widget\" data-e-type=\"widget\" data-widget_type=\"heading.default\">\n\t\t\t\t\t<h2 class=\"elementor-heading-title elementor-size-default\">Notre Histoire<\/h2>\t\t\t\t<\/div>\n\t\t\t\t<div class=\"elementor-element elementor-element-1c92f19 elementor-widget elementor-widget-text-editor\" data-id=\"1c92f19\" data-element_type=\"widget\" data-e-type=\"widget\" data-widget_type=\"text-editor.default\">\n\t\t\t\t\t\t\t\t\t<p><span style=\"font-weight: 200;\">Boson Systems est n\u00e9 d'une conviction simple : le march\u00e9 stagnait. Il manquait d'audace, d'innovation et de v\u00e9ritables perc\u00e9es technologiques. Nos parcours n'\u00e9taient pas \u00e9vidents pour ce secteur, mais c'est pr\u00e9cis\u00e9ment ce qui nous a permis de penser diff\u00e9remment, d'aller l\u00e0 o\u00f9 personne d'autre ne regardait et d'imposer un nouveau rythme.<\/span><\/p>\t\t\t\t\t\t\t\t<\/div>\n\t\t\t\t<\/div>\n\t\t<div data-particle_enable=\"false\" data-particle-mobile-disabled=\"false\" class=\"elementor-element elementor-element-675fe2a e-con-full e-flex e-con e-child\" data-id=\"675fe2a\" data-element_type=\"container\" data-e-type=\"container\">\n\t\t\t\t<div class=\"elementor-element elementor-element-4207d39 elementor-widget elementor-widget-heading\" data-id=\"4207d39\" data-element_type=\"widget\" data-e-type=\"widget\" data-widget_type=\"heading.default\">\n\t\t\t\t\t<h2 class=\"elementor-heading-title elementor-size-default\">Notre \u00c9quipe<\/h2>\t\t\t\t<\/div>\n\t\t\t\t<div class=\"elementor-element elementor-element-dcbdd1f elementor-widget elementor-widget-text-editor\" data-id=\"dcbdd1f\" data-element_type=\"widget\" data-e-type=\"widget\" data-widget_type=\"text-editor.default\">\n\t\t\t\t\t\t\t\t\t<p><span style=\"font-weight: 200;\">Boson Systems est b\u00e2ti par des passionn\u00e9s de leur m\u00e9tier. Sous la direction de Takami Nakamoto et de Benjamin Alardin, et \u00e9paul\u00e9s par des partenaires qui partagent le m\u00eame \u00e9lan, nous travaillons avec un objectif clair : cr\u00e9er des outils sur lesquels vous pouvez compter quand cela compte vraiment. Pas de raccourcis, pas de promesses exag\u00e9r\u00e9es, juste une ing\u00e9nierie solide et des d\u00e9cisions r\u00e9fl\u00e9chies.<\/span><\/p>\t\t\t\t\t\t\t\t<\/div>\n\t\t\t\t<\/div>\n\t\t<div data-particle_enable=\"false\" data-particle-mobile-disabled=\"false\" class=\"elementor-element elementor-element-efc7dd9 e-con-full e-flex e-con e-child\" data-id=\"efc7dd9\" data-element_type=\"container\" data-e-type=\"container\">\n\t\t\t\t<div class=\"elementor-element elementor-element-9cd1e11 elementor-widget elementor-widget-heading\" data-id=\"9cd1e11\" data-element_type=\"widget\" data-e-type=\"widget\" data-widget_type=\"heading.default\">\n\t\t\t\t\t<h2 class=\"elementor-heading-title elementor-size-default\">Notre Vision<\/h2>\t\t\t\t<\/div>\n\t\t\t\t<div class=\"elementor-element elementor-element-c4e45b6 elementor-widget elementor-widget-text-editor\" data-id=\"c4e45b6\" data-element_type=\"widget\" data-e-type=\"widget\" data-widget_type=\"text-editor.default\">\n\t\t\t\t\t\t\t\t\t<p><span style=\"font-weight: 200;\">Nous nous concentrons sur une progression claire et d\u00e9termin\u00e9e. \u00c0 mesure que nous grandissons, nous affinons nos technologies, am\u00e9liorons nos outils et continuons d'\u00e9lever nos standards. Notre objectif est simple : d\u00e9velopper des syst\u00e8mes de vision nocturne qui apportent une r\u00e9elle valeur ajout\u00e9e, rester transparents dans notre mani\u00e8re de travailler et instaurer une confiance durable avec ceux qui utilisent nos produits.<\/span><\/p>\t\t\t\t\t\t\t\t<\/div>\n\t\t\t\t<\/div>\n\t\t\t\t\t<\/div>\n\t\t\t\t<\/div>\n\t\t\t\t<\/div>","protected":false},"excerpt":{"rendered":"<p>Embrace the dark Seeing in the dark has never been a privilege reserved for fictional heroes. Since 2024, Boson Systems has been shaking up the standards, developing night vision solutions that leave no room for compromise. No gimmicks. No excuses. Just pure performance. Our Story Boson Systems was born from a simple conviction: the market [&hellip;]<\/p>\n","protected":false},"author":1,"featured_media":0,"parent":0,"menu_order":0,"comment_status":"closed","ping_status":"closed","template":"","meta":{"footnotes":""},"class_list":["post-2684","page","type-page","status-publish","hentry"],"jetpack_sharing_enabled":true,"_links":{"self":[{"href":"https:\/\/bosonsystems.store\/fr\/wp-json\/wp\/v2\/pages\/2684","targetHints":{"allow":["GET"]}}],"collection":[{"href":"https:\/\/bosonsystems.store\/fr\/wp-json\/wp\/v2\/pages"}],"about":[{"href":"https:\/\/bosonsystems.store\/fr\/wp-json\/wp\/v2\/types\/page"}],"author":[{"embeddable":true,"href":"https:\/\/bosonsystems.store\/fr\/wp-json\/wp\/v2\/users\/1"}],"replies":[{"embeddable":true,"href":"https:\/\/bosonsystems.store\/fr\/wp-json\/wp\/v2\/comments?post=2684"}],"version-history":[{"count":7,"href":"https:\/\/bosonsystems.store\/fr\/wp-json\/wp\/v2\/pages\/2684\/revisions"}],"predecessor-version":[{"id":2692,"href":"https:\/\/bosonsystems.store\/fr\/wp-json\/wp\/v2\/pages\/2684\/revisions\/2692"}],"wp:attachment":[{"href":"https:\/\/bosonsystems.store\/fr\/wp-json\/wp\/v2\/media?parent=2684"}],"curies":[{"name":"wp","href":"https:\/\/api.w.org\/{rel}","templated":true}]}}