{"id":1774,"date":"2025-11-11T23:36:49","date_gmt":"2025-11-11T23:36:49","guid":{"rendered":"https:\/\/bosonsystems.store\/?post_type=product&#038;p=1774"},"modified":"2025-12-14T00:25:17","modified_gmt":"2025-12-14T00:25:17","slug":"proton-lite-eliminator","status":"publish","type":"product","link":"https:\/\/bosonsystems.store\/fr\/produit\/proton-lite-eliminator\/","title":{"rendered":"Eliminator pour Proton Lite Binocular \u2013 Boson Systems"},"content":{"rendered":"<div class=\"elementor-element elementor-element-7005a0a elementor-widget__width-initial elementor-widget elementor-widget-heading\" data-id=\"7005a0a\" data-element_type=\"widget\" data-widget_type=\"heading.default\">\n<p>Certains op\u00e9rateurs sont confront\u00e9s \u00e0 des missions nocturnes de longue dur\u00e9e, et c'est dans ce but que nous avons d\u00e9velopp\u00e9 le Proton Lite Eliminator. Lorsque vous avez besoin d'une autonomie accrue, cet accessoire permet \u00e0 votre Proton Lite d'\u00eatre aliment\u00e9 par la plupart des blocs-batteries externes disponibles sur le march\u00e9. Voici ce qu'il offre :<\/p>\n<p>&nbsp;<\/p>\n<ul>\n<li class=\"translation-block\"><strong data-start=\"0\" data-end=\"21\">L\u00e9ger et robuste<br data-start=\"17\" data-end=\"21\"> <\/strong>Fabriqu\u00e9 en aluminium de qualit\u00e9 a\u00e9rospatiale 7075-T6 et avec un poids de 17 g, l'Eliminator r\u00e9duit l\u00e9g\u00e8rement le poids total de votre Proton Lite sans compromettre sa robustesse ni son \u00e9tanch\u00e9it\u00e9.<\/li>\n<\/ul>\n<p>&nbsp;<\/p>\n<\/div>\n<ul>\n<li class=\"translation-block\"><strong data-start=\"0\" data-end=\"21\">Installation facile<br data-start=\"17\" data-end=\"21\"> <\/strong>Le Proton Lite Eliminator s\u2019installe facilement en quelques secondes. Retirez simplement le bouchon de batterie et la pile d\u2019origine, vissez l\u2019Eliminator \u00e0 la place, et connectez votre bloc-batterie externe. Aucun outil, aucun r\u00e9glage, une autonomie accrue instantan\u00e9e.<\/li>\n<\/ul>\n<p>&nbsp;<\/p>\n<ul>\n<li class=\"translation-block\"><strong data-start=\"0\" data-end=\"11\">Durable<\/strong><br data-start=\"11\" data-end=\"15\"> Avec sa surface anodis\u00e9e Hardcoat de type 3, l'Eliminator est prot\u00e9g\u00e9 contre les rayures.<\/li>\n<\/ul>\n<p>&nbsp;<\/p>\n<ul>\n<li class=\"translation-block\"><strong data-start=\"0\" data-end=\"11\">\u00c9l\u00e9gant<\/strong><br data-start=\"11\" data-end=\"15\"> Gr\u00e2ce \u00e0 son marquage grav\u00e9 au laser.<\/li>\n<\/ul>\n<p>&nbsp;<\/p>\n<ul>\n<li><strong>Ajustable<\/strong><br \/>\nFacile \u00e0 ajuster, le Proton Lite Eliminator permet \u00e0 chaque utilisateur de choisir l\u2019orientation du c\u00e2ble qui lui convient. Il suffit de le faire pivoter jusqu\u2019\u00e0 la position souhait\u00e9e \u2014 le joint d\u2019\u00e9tanch\u00e9it\u00e9 du Proton Lite garantit l\u2019\u00e9tanch\u00e9it\u00e9 du syst\u00e8me m\u00eame avec un l\u00e9ger desserrage.<\/li>\n<\/ul>\n<p>&nbsp;<\/p>\n<ul>\n<li><strong>Compatible avec tous les packs batterie Fischer 4 broches standards<\/strong><br \/>\nLe Proton Lite Eliminator se connecte parfaitement \u00e0 tout pack batterie Fischer 4 broches standard, offrant une compatibilit\u00e9 totale avec les c\u00e2bles et syst\u00e8mes d\u2019alimentation de type BNVD utilis\u00e9s dans les configurations professionnelles de vision nocturne.<\/li>\n<\/ul>","protected":false},"excerpt":{"rendered":"<p>Le Proton Lite Eliminator de Boson Systems a \u00e9t\u00e9 d\u00e9velopp\u00e9 pour les utilisateurs recherchant une autonomie op\u00e9rationnelle accrue, offrant au moins le double du temps de fonctionnement d'une configuration Proton Lite standard. Fabriqu\u00e9 en aluminium, il vous permet de connecter n'importe quel bloc-batterie compatible via un connecteur Fischer 4 broches.<\/p>","protected":false},"featured_media":1778,"template":"","meta":[],"product_brand":[],"product_cat":[90,78,31,28],"product_tag":[],"class_list":{"0":"post-1774","1":"product","2":"type-product","3":"status-publish","4":"has-post-thumbnail","6":"product_cat-night-vision-accessories","7":"product_cat-proton-accessories","8":"product_cat-all","9":"product_cat-accessories","11":"first","12":"instock","13":"featured","14":"taxable","15":"shipping-taxable","16":"purchasable","17":"product-type-simple"},"jetpack_sharing_enabled":true,"_links":{"self":[{"href":"https:\/\/bosonsystems.store\/fr\/wp-json\/wp\/v2\/product\/1774","targetHints":{"allow":["GET"]}}],"collection":[{"href":"https:\/\/bosonsystems.store\/fr\/wp-json\/wp\/v2\/product"}],"about":[{"href":"https:\/\/bosonsystems.store\/fr\/wp-json\/wp\/v2\/types\/product"}],"wp:featuredmedia":[{"embeddable":true,"href":"https:\/\/bosonsystems.store\/fr\/wp-json\/wp\/v2\/media\/1778"}],"wp:attachment":[{"href":"https:\/\/bosonsystems.store\/fr\/wp-json\/wp\/v2\/media?parent=1774"}],"wp:term":[{"taxonomy":"product_brand","embeddable":true,"href":"https:\/\/bosonsystems.store\/fr\/wp-json\/wp\/v2\/product_brand?post=1774"},{"taxonomy":"product_cat","embeddable":true,"href":"https:\/\/bosonsystems.store\/fr\/wp-json\/wp\/v2\/product_cat?post=1774"},{"taxonomy":"product_tag","embeddable":true,"href":"https:\/\/bosonsystems.store\/fr\/wp-json\/wp\/v2\/product_tag?post=1774"}],"curies":[{"name":"wp","href":"https:\/\/api.w.org\/{rel}","templated":true}]}}