{"id":2094,"date":"2025-11-24T00:01:08","date_gmt":"2025-11-24T00:01:08","guid":{"rendered":"https:\/\/bosonsystems.store\/?post_type=product&#038;p=2094"},"modified":"2026-03-10T15:15:31","modified_gmt":"2026-03-10T15:15:31","slug":"blk-series-the-flaplid-v2-option-included","status":"publish","type":"product","link":"https:\/\/bosonsystems.store\/fr\/produit\/blk-series-the-flaplid-v2-option-included\/","title":{"rendered":"Cache lentille The Flaplid V2\u2013 S\u00e9rie BLK par Boson Systems"},"content":{"rendered":"<p>Pour garder votre lentille d\u2019optique en parfait \u00e9tat ou rester discret, le Flaplid V2 de la s\u00e9rie BLK offre une solution simple et efficace pour prot\u00e9ger votre lunette. D\u00e9couvrez ce que ce cache lentille peut vous apporter :<\/p>\n<p>&nbsp;<\/p>\n<ul>\n<li><strong><strong>Protection<\/strong><\/strong><br \/>\nAvec sa plaque frontale de 3 mm d\u2019\u00e9paisseur, il prot\u00e8ge votre lentille des chocs, des d\u00e9bris et des rayures, utile lors d\u2019entra\u00eenements force contre force, sur le terrain ou pendant le transport.<\/li>\n<\/ul>\n<p>&nbsp;<\/p>\n<ul>\n<li><strong><strong>Durabilit\u00e9 et utilisation silencieuse<\/strong><\/strong><br \/>\nImprim\u00e9 en TPU flexible, silencieux et r\u00e9sistant aux rayures, le Flaplid absorbe les chocs sans ab\u00eemer votre optique et reste discret lors de son utilisation.<\/li>\n<\/ul>\n<p>&nbsp;<\/p>\n<ul>\n<li><strong><strong>Acc\u00e8s rapide<\/strong><\/strong><br \/>\nD\u00e9calez-le d\u2019un geste pour acc\u00e9der imm\u00e9diatement \u00e0 votre optique. Instantan\u00e9ment, sans g\u00eane.<\/li>\n<\/ul>\n<p>&nbsp;<\/p>\n<ul>\n<li><strong><strong>Compatibilit\u00e9 \u00c9tendue<\/strong><\/strong><br \/>\nDisponible en plusieurs tailles pour s\u2019adapter \u00e0 une grande vari\u00e9t\u00e9 de lunettes et optiques, comme Vortex, Leupold, Aimpoint et bien d\u2019autres, pour un ajustement pr\u00e9cis et s\u00e9curis\u00e9.<\/li>\n<\/ul>\n<p>&nbsp;<\/p>\n<ul>\n<li><strong><strong>Installation facile<\/strong><\/strong><br \/>\nAucune modification n\u2019est n\u00e9cessaire : fixez\u2011le simplement avec l\u2019\u00e9lastique et le mat\u00e9riel fournis.<\/li>\n<\/ul>\n<p>&nbsp;<\/p>\n<table style=\"height: 144px;\" border=\"1\" width=\"707\">\n<tbody>\n<tr>\n<td style=\"text-align: center;\"><strong><strong>Inclus<\/strong><\/strong><\/td>\n<td style=\"text-align: left;\">\n<ul>\n<li>1\u00d7 Flaplid (TPU)<\/li>\n<li>1x Plaque frontale de 3mm en Delrin<\/li>\n<li>1x Lentille transparente de 3mm d\u00e9pendamment de l'option choisie<\/li>\n<li>1x Lentille IR de 3mm en fonction de la version choisie<\/li>\n<li>1x Enveloppe BLK en Cordura<\/li>\n<li>2x 3 m\u00e8tres d'\u00e9lastiques de r\u00e9tention EDCX d'un diam\u00e8tre de 3mm ( Noir &amp; Coyote )<\/li>\n<li>1x Demi anneau ou anneau avec vis pour taille LPVO<\/li>\n<li>3x Bandes \u00e9lastiques<\/li>\n<\/ul>\n<\/td>\n<\/tr>\n<tr>\n<td style=\"text-align: center;\"><strong><strong>Manuel d'utilisation<\/strong><\/strong><\/td>\n<td style=\"text-align: left;\"><a href=\"https:\/\/www.youtube.com\/watch?v=S5hO9sf68TE\">Cliquez ici<\/a><\/td>\n<\/tr>\n<\/tbody>\n<\/table>\n<p>&nbsp;<\/p>","protected":false},"excerpt":{"rendered":"<p>Le Flaplid V2 de la s\u00e9rie BLK est un cache lentille con\u00e7u pour \u00e9viter les dommages et les reflets lors de son utilisation. Fabriqu\u00e9 en TPU imprim\u00e9 en MJF par Boson Systems, cet accessoire est parfait pour tout op\u00e9rateur souhaitant rester discret et prot\u00e9ger ses optiques. Il garde votre lunette ou toute autre optique couverte, ma\u00eetris\u00e9e et pr\u00eate \u00e0 l\u2019emploi \u00e0 tout moment.<\/p>","protected":false},"featured_media":2237,"template":"","meta":[],"product_brand":[51],"product_cat":[71,31,28],"product_tag":[],"class_list":{"0":"post-2094","1":"product","2":"type-product","3":"status-publish","4":"has-post-thumbnail","6":"product_brand-balek-solutions","7":"product_cat-attachments","8":"product_cat-all","9":"product_cat-accessories","11":"first","12":"instock","13":"taxable","14":"shipping-taxable","15":"purchasable","16":"product-type-variable"},"jetpack_sharing_enabled":true,"_links":{"self":[{"href":"https:\/\/bosonsystems.store\/fr\/wp-json\/wp\/v2\/product\/2094","targetHints":{"allow":["GET"]}}],"collection":[{"href":"https:\/\/bosonsystems.store\/fr\/wp-json\/wp\/v2\/product"}],"about":[{"href":"https:\/\/bosonsystems.store\/fr\/wp-json\/wp\/v2\/types\/product"}],"wp:featuredmedia":[{"embeddable":true,"href":"https:\/\/bosonsystems.store\/fr\/wp-json\/wp\/v2\/media\/2237"}],"wp:attachment":[{"href":"https:\/\/bosonsystems.store\/fr\/wp-json\/wp\/v2\/media?parent=2094"}],"wp:term":[{"taxonomy":"product_brand","embeddable":true,"href":"https:\/\/bosonsystems.store\/fr\/wp-json\/wp\/v2\/product_brand?post=2094"},{"taxonomy":"product_cat","embeddable":true,"href":"https:\/\/bosonsystems.store\/fr\/wp-json\/wp\/v2\/product_cat?post=2094"},{"taxonomy":"product_tag","embeddable":true,"href":"https:\/\/bosonsystems.store\/fr\/wp-json\/wp\/v2\/product_tag?post=2094"}],"curies":[{"name":"wp","href":"https:\/\/api.w.org\/{rel}","templated":true}]}}