{"id":2114,"date":"2025-11-24T00:01:36","date_gmt":"2025-11-24T00:01:36","guid":{"rendered":"https:\/\/bosonsystems.store\/?post_type=product&#038;p=2114"},"modified":"2026-04-19T17:32:27","modified_gmt":"2026-04-19T17:32:27","slug":"blk-series-the-flaplid-v-1-2-lights","status":"publish","type":"product","link":"https:\/\/bosonsystems.store\/fr\/produit\/blk-series-the-flaplid-v-1-2-lights\/","title":{"rendered":"Cache lampe The Flaplid - S\u00e9rie BLK par Boson Systems"},"content":{"rendered":"<p>When discretion is crucial, the BLK series Flaplid offers a simple and effective solution to stay unseen and keep your gear under control. Discover what this accessory can do for you:<\/p>\n<p>&nbsp;<\/p>\n<ul>\n<li><strong><strong>Pr\u00e9vention de l'activation accidentelle<\/strong><\/strong><br \/>\nLe Flaplid vous prot\u00e8ge des pressions accidentelles sur les boutons, vous permettant de rester discret lors de vos d\u00e9placements, entra\u00eenements ou travaux en faible luminosit\u00e9.<\/li>\n<\/ul>\n<p>&nbsp;<\/p>\n<ul>\n<li><strong><strong>Protection<\/strong><\/strong><br \/>\nIl prot\u00e8ge votre lampe des chocs, des d\u00e9bris et de l\u2019usure, utile lors d\u2019entra\u00eenements force contre force, sur le terrain ou pendant le transport.<\/li>\n<\/ul>\n<p>&nbsp;<\/p>\n<ul>\n<li><strong><strong>Durabilit\u00e9 et utilisation silencieuse<\/strong><\/strong><br \/>\nImprim\u00e9 en TPU flexible, silencieux et r\u00e9sistant aux rayures, le Flaplid absorbe les chocs sans ab\u00eemer votre lampe et reste discret lors de son utilisation.<\/li>\n<\/ul>\n<p>&nbsp;<\/p>\n<ul>\n<li><strong><strong>Acc\u00e8s rapide<\/strong><\/strong><br \/>\nOuvrez-le d\u2019un geste pour activer instantan\u00e9ment votre lampe. Sans d\u00e9lai, sans obstruction.<\/li>\n<\/ul>\n<p>&nbsp;<\/p>\n<ul>\n<li><strong><strong>Compatibilit\u00e9 \u00c9tendue<\/strong><\/strong><br \/>\nDisponible en plusieurs tailles pour s\u2019adapter \u00e0 une grande vari\u00e9t\u00e9 de lampes mont\u00e9es sur arme, comme Surefire, Modlite et bien d\u2019autres, pour un ajustement pr\u00e9cis et s\u00e9curis\u00e9.<\/li>\n<\/ul>\n<p>&nbsp;<\/p>\n<ul>\n<li><strong><strong>Installation facile<\/strong><\/strong><br \/>\nAucune modification n\u2019est n\u00e9cessaire : fixez\u2011le simplement avec l\u2019\u00e9lastique et le mat\u00e9riel fournis.<\/li>\n<\/ul>\n<p>&nbsp;<\/p>\n<p>&nbsp;<\/p>\n<table style=\"height: 144px;\" border=\"1\" width=\"707\">\n<tbody>\n<tr>\n<td style=\"text-align: center;\"><strong><strong>Inclus<\/strong><\/strong><\/td>\n<td style=\"text-align: left;\">\n<ul>\n<li>1\u00d7 Flaplid (TPU)<\/li>\n<li>1x Sticker BLK en Cordura<\/li>\n<li>2x 3 m\u00e8tres d'\u00e9lastiques de r\u00e9tention EDCX d'un diam\u00e8tre de 3mm ( Noir &amp; Coyote )<\/li>\n<li>1\u00d7 Demi-anneau<\/li>\n<li>1\u00d7 Collier de serrage<\/li>\n<li>3\u00d7 Anneaux en caoutchouc<\/li>\n<\/ul>\n<\/td>\n<\/tr>\n<tr>\n<td style=\"text-align: center;\"><strong><strong>Manuel d'utilisation<\/strong><\/strong><\/td>\n<td style=\"text-align: left;\"><iframe width=\"560\" height=\"315\" src=\"https:\/\/www.youtube.com\/embed\/3kKv_iqUnX0?si=ilfViB1fhQM-i4hY\" title=\"YouTube video player\" frameborder=\"0\" allow=\"accelerometer; autoplay; clipboard-write; encrypted-media; gyroscope; picture-in-picture; web-share\" referrerpolicy=\"strict-origin-when-cross-origin\" allowfullscreen><\/iframe><\/td>\n<\/tr>\n<\/tbody>\n<\/table>\n<p>&nbsp;<\/p>","protected":false},"excerpt":{"rendered":"<p>Le Flaplid de la s\u00e9rie BLK est un couvercle l\u00e9ger con\u00e7u pour \u00e9viter toute activation accidentelle qui pourrait r\u00e9v\u00e9ler votre position. Fabriqu\u00e9 en TPU imprim\u00e9 en MJF par Boson Systems, cet accessoire est id\u00e9al pour tous ceux qui doivent rester discrets. Il garde votre lampe torche couverte, ma\u00eetris\u00e9e et pr\u00eate \u00e0 l\u2019emploi \u00e0 tout moment.<\/p>","protected":false},"featured_media":2165,"template":"","meta":[],"product_brand":[],"product_cat":[71,31],"product_tag":[],"class_list":{"0":"post-2114","1":"product","2":"type-product","3":"status-publish","4":"has-post-thumbnail","6":"product_cat-attachments","7":"product_cat-all","9":"first","10":"instock","11":"taxable","12":"shipping-taxable","13":"purchasable","14":"product-type-variable"},"jetpack_sharing_enabled":true,"_links":{"self":[{"href":"https:\/\/bosonsystems.store\/fr\/wp-json\/wp\/v2\/product\/2114","targetHints":{"allow":["GET"]}}],"collection":[{"href":"https:\/\/bosonsystems.store\/fr\/wp-json\/wp\/v2\/product"}],"about":[{"href":"https:\/\/bosonsystems.store\/fr\/wp-json\/wp\/v2\/types\/product"}],"wp:featuredmedia":[{"embeddable":true,"href":"https:\/\/bosonsystems.store\/fr\/wp-json\/wp\/v2\/media\/2165"}],"wp:attachment":[{"href":"https:\/\/bosonsystems.store\/fr\/wp-json\/wp\/v2\/media?parent=2114"}],"wp:term":[{"taxonomy":"product_brand","embeddable":true,"href":"https:\/\/bosonsystems.store\/fr\/wp-json\/wp\/v2\/product_brand?post=2114"},{"taxonomy":"product_cat","embeddable":true,"href":"https:\/\/bosonsystems.store\/fr\/wp-json\/wp\/v2\/product_cat?post=2114"},{"taxonomy":"product_tag","embeddable":true,"href":"https:\/\/bosonsystems.store\/fr\/wp-json\/wp\/v2\/product_tag?post=2114"}],"curies":[{"name":"wp","href":"https:\/\/api.w.org\/{rel}","templated":true}]}}