{"id":2119,"date":"2025-11-24T00:01:15","date_gmt":"2025-11-24T00:01:15","guid":{"rendered":"https:\/\/bosonsystems.store\/?post_type=product&#038;p=2119"},"modified":"2025-12-23T14:47:13","modified_gmt":"2025-12-23T14:47:13","slug":"blk-series-the-shibari","status":"publish","type":"product","link":"https:\/\/bosonsystems.store\/fr\/produit\/blk-series-the-shibari\/","title":{"rendered":"Shibari Sling Management \u2013 S\u00e9rie BLK par Boson Systems"},"content":{"rendered":"<p data-start=\"884\" data-end=\"1207\">Lorsque vous n\u2019utilisez pas votre sangle ou transportez votre fusil, celle-ci peut facilement s\u2019accrocher \u00e0 votre \u00e9quipement. C\u2019est l\u00e0 qu\u2019intervient le Shibari : il maintient votre sangle bien en place et vous permet de la d\u00e9ployer en un instant. Voici ses avantages :<\/p>\n<p>&nbsp;<\/p>\n<ul>\n<li data-start=\"1237\" data-end=\"1280\">\n<p data-start=\"1239\" data-end=\"1280\"><strong data-start=\"1239\" data-end=\"1265\">R\u00e9tention s\u00e9curis\u00e9e de votre sangle<br \/>\n<\/strong>Gr\u00e2ce \u00e0 son \u00e9lastique avec stopper.<\/p>\n<\/li>\n<\/ul>\n<p>&nbsp;<\/p>\n<ul data-start=\"1237\" data-end=\"1477\">\n<li data-start=\"1281\" data-end=\"1351\">\n<p data-start=\"1283\" data-end=\"1351\"><strong data-start=\"1283\" data-end=\"1306\">Construction robuste, l\u00e9g\u00e8re et finition premium<br \/>\n<\/strong>Usin\u00e9 en aluminium 7075\u2011T6 sur CNC avec anodisation dure type 3.<\/p>\n<\/li>\n<\/ul>\n<p>&nbsp;<\/p>\n<ul data-start=\"1237\" data-end=\"1477\">\n<li data-start=\"1352\" data-end=\"1416\">\n<p data-start=\"1354\" data-end=\"1416\"><strong data-start=\"1354\" data-end=\"1375\">Design minimaliste<br \/>\n<\/strong>Facile \u00e0 installer, facile \u00e0 r\u00e9gler<\/p>\n<\/li>\n<\/ul>\n<p>&nbsp;<\/p>\n<ul data-start=\"1237\" data-end=\"1477\">\n<li data-start=\"1417\" data-end=\"1477\">\n<p data-start=\"1419\" data-end=\"1477\"><strong data-start=\"1419\" data-end=\"1445\">Silencieux et Low Profile<\/strong><br \/>\nCon\u00e7u pour un usage en conditions r\u00e9elles<\/p>\n<\/li>\n<\/ul>\n<p>&nbsp;<\/p>\n<table style=\"height: 454px;\" border=\"1\" width=\"941\">\n<tbody>\n<tr>\n<td style=\"text-align: center;\"><strong>Inclus<\/strong><\/td>\n<td>\n<ul>\n<li>1x Shibari ( avec vis )<\/li>\n<li>1x 0,6m de corde \u00e9lastique EDCX 3m ( Noir ou Coyote )<\/li>\n<li>1x Crochet Clip ITW Nexus<\/li>\n<\/ul>\n<\/td>\n<\/tr>\n<tr>\n<td style=\"text-align: center;\"><strong>Manuel d'utilisation<\/strong><\/td>\n<td style=\"text-align: center;\">\u00a0 \u00a0<iframe title=\"YouTube video player\" src=\"https:\/\/www.youtube.com\/embed\/1BdyL07uZ_4?si=LeCK4zmP62EEL-Su\" width=\"560\" height=\"315\" frameborder=\"0\" allowfullscreen=\"allowfullscreen\"><\/iframe><\/td>\n<\/tr>\n<\/tbody>\n<\/table>\n<p>&nbsp;<\/p>","protected":false},"excerpt":{"rendered":"<p>Le Shibari de la s\u00e9rie BLK par Boson Systems est un accessoire compact et efficace de maintien de sangle, inspir\u00e9 du Shibari japonais traditionnel *uwu*. Con\u00e7u pour garder votre sangle de fusil s\u00e9curis\u00e9e et bien rang\u00e9e, il permet de r\u00e9duire les accrochages et garantit que votre arme reste propre, ma\u00eetris\u00e9e et pr\u00eate \u00e0 l\u2019action.<\/p>","protected":false},"featured_media":2149,"template":"","meta":[],"product_brand":[51],"product_cat":[71,31,28],"product_tag":[],"class_list":{"0":"post-2119","1":"product","2":"type-product","3":"status-publish","4":"has-post-thumbnail","6":"product_brand-balek-solutions","7":"product_cat-attachments","8":"product_cat-all","9":"product_cat-accessories","11":"first","12":"instock","13":"taxable","14":"shipping-taxable","15":"purchasable","16":"product-type-variable","17":"has-default-attributes"},"jetpack_sharing_enabled":true,"_links":{"self":[{"href":"https:\/\/bosonsystems.store\/fr\/wp-json\/wp\/v2\/product\/2119","targetHints":{"allow":["GET"]}}],"collection":[{"href":"https:\/\/bosonsystems.store\/fr\/wp-json\/wp\/v2\/product"}],"about":[{"href":"https:\/\/bosonsystems.store\/fr\/wp-json\/wp\/v2\/types\/product"}],"wp:featuredmedia":[{"embeddable":true,"href":"https:\/\/bosonsystems.store\/fr\/wp-json\/wp\/v2\/media\/2149"}],"wp:attachment":[{"href":"https:\/\/bosonsystems.store\/fr\/wp-json\/wp\/v2\/media?parent=2119"}],"wp:term":[{"taxonomy":"product_brand","embeddable":true,"href":"https:\/\/bosonsystems.store\/fr\/wp-json\/wp\/v2\/product_brand?post=2119"},{"taxonomy":"product_cat","embeddable":true,"href":"https:\/\/bosonsystems.store\/fr\/wp-json\/wp\/v2\/product_cat?post=2119"},{"taxonomy":"product_tag","embeddable":true,"href":"https:\/\/bosonsystems.store\/fr\/wp-json\/wp\/v2\/product_tag?post=2119"}],"curies":[{"name":"wp","href":"https:\/\/api.w.org\/{rel}","templated":true}]}}