{"id":2319,"date":"2025-11-24T19:18:48","date_gmt":"2025-11-24T19:18:48","guid":{"rendered":"https:\/\/bosonsystems.store\/?post_type=product&#038;p=2319"},"modified":"2025-12-14T22:58:57","modified_gmt":"2025-12-14T22:58:57","slug":"udapt-f25-mount","status":"publish","type":"product","link":"https:\/\/bosonsystems.store\/fr\/produit\/udapt-f25-mount\/","title":{"rendered":"Montage F25 pour Vision Nocturne - Udapt"},"content":{"rendered":"<p data-start=\"162\" data-end=\"466\">Le Udapt F25 Mount est une monture de vision nocturne \u00e9prouv\u00e9e au combat, con\u00e7ue directement \u00e0 partir de l\u2019exp\u00e9rience sur le terrain en Ukraine. Elle a \u00e9t\u00e9 pens\u00e9e par des op\u00e9rateurs qui l\u2019utilisent quotidiennement dans certains des environnements les plus exigeants, et chaque fonctionnalit\u00e9 refl\u00e8te les retours pratiques de missions r\u00e9elles plut\u00f4t qu\u2019un simple travail th\u00e9orique de conception. Voyons ce qu\u2019elle apporte :<\/p>\n<ul>\n<li><strong>Incroyablement solide et l\u00e9ger<\/strong><br \/>\nGr\u00e2ce \u00e0 sa conception en aluminium 7075\u2011T6 de qualit\u00e9 a\u00e9ronautique, avec des composants en titane et des \u00e9l\u00e9ments en acier inoxydable pour les pi\u00e8ces critiques.<\/li>\n<\/ul>\n<p>&nbsp;<\/p>\n<ul>\n<li><b>Utilisation intuitive \u00e0 une main<\/b><br \/>\nBasculez la monture vers le haut ou vers le bas gr\u00e2ce \u00e0 un mouvement volontaire n\u00e9cessitant une l\u00e9g\u00e8re pression. Aucun bouton \u00e0 manipuler \u00e0 t\u00e2tons dans l\u2019obscurit\u00e9.<\/li>\n<\/ul>\n<p>&nbsp;<\/p>\n<ul>\n<li><b>\u00c9limine tout jeu. Oui, absolument tout.<br \/>\n<\/b>La douille de Dovetail r\u00e9glable cr\u00e9e une connexion ultra-stable avec votre dispositif de vision nocturne, prot\u00e9geant votre appareil et garantissant une image stable.<\/li>\n<\/ul>\n<p>&nbsp;<\/p>\n<ul>\n<li><b>R\u00e9glages ergonomiques complets<\/b><br \/>\nAjustez pr\u00e9cis\u00e9ment la hauteur, le d\u00e9gagement oculaire (distance par rapport \u00e0 l\u2019\u0153il) et l\u2019angle d\u2019inclinaison pour un confort optimal et un ajustement parfait.<\/li>\n<\/ul>\n<p>&nbsp;<\/p>\n<ul>\n<li><b>Position repli\u00e9e discr\u00e8te<br \/>\n<\/b>Maintient l\u2019appareil fermement contre le casque lorsqu\u2019il n\u2019est pas utilis\u00e9, r\u00e9duisant ainsi les risques d\u2019accrochage.<\/li>\n<\/ul>\n<p>&nbsp;<\/p>\n<ul>\n<li><b>Con\u00e7u \u00e0 partir de l\u2019exp\u00e9rience du combat<br \/>\n<\/b>Con\u00e7u et perfectionn\u00e9 gr\u00e2ce aux retours directs des op\u00e9rateurs en Ukraine.<\/li>\n<\/ul>\n<p>&nbsp;<\/p>\n<table style=\"height: 245px;\" border=\"1\" width=\"1200\">\n<tbody>\n<tr>\n<td style=\"text-align: center;\"><strong>Compatibilit\u00e9<\/strong><\/td>\n<td>\n<ul>\n<li>Proton Lite<\/li>\n<li>AN\/PVS-15<\/li>\n<li>AN\/PVS-31<\/li>\n<li>Argus BNVD<\/li>\n<li>AGM NVG-40, NVG-50<\/li>\n<li>Et pour tout autre dispositif de vision nocturne utilisant une monture ou un adaptateur \u00e0 Dovetail standard (type Wilcox).<\/li>\n<\/ul>\n<\/td>\n<\/tr>\n<tr>\n<td style=\"text-align: center;\"><b>Dimensions<\/b><\/td>\n<td>110 x 60 x 65 mm<\/td>\n<\/tr>\n<tr>\n<td style=\"text-align: center;\"><b>Poids<\/b><\/td>\n<td>166 g<\/td>\n<\/tr>\n<tr>\n<td style=\"text-align: center;\"><strong>Inclus<\/strong><\/td>\n<td>\n<ul>\n<li>Montage F25 pour vision nocturne<\/li>\n<li>Cl\u00e9 Allen<\/li>\n<li>Guide de l'utilisateur<\/li>\n<\/ul>\n<\/td>\n<\/tr>\n<\/tbody>\n<\/table>\n<p>&nbsp;<\/p>","protected":false},"excerpt":{"rendered":"<p>La monture UDAPT F25, d\u00e9velopp\u00e9e par des op\u00e9rateurs exp\u00e9riment\u00e9s, offre robustesse et fiabilit\u00e9 en conditions extr\u00eames. Compatible vision nocturne et thermique, elle garantit un montage rapide et s\u00e9curis\u00e9, id\u00e9ale pour les missions tactiques et les environnements les plus exigeants.<\/p>","protected":false},"featured_media":2322,"template":"","meta":[],"product_brand":[],"product_cat":[69,89,90,28],"product_tag":[],"class_list":{"0":"post-2319","1":"product","2":"type-product","3":"status-publish","4":"has-post-thumbnail","6":"product_cat-helmet-mounts","7":"product_cat-mounts","8":"product_cat-night-vision-accessories","9":"product_cat-accessories","11":"first","12":"onbackorder","13":"taxable","14":"shipping-taxable","15":"purchasable","16":"product-type-simple"},"jetpack_sharing_enabled":true,"_links":{"self":[{"href":"https:\/\/bosonsystems.store\/fr\/wp-json\/wp\/v2\/product\/2319","targetHints":{"allow":["GET"]}}],"collection":[{"href":"https:\/\/bosonsystems.store\/fr\/wp-json\/wp\/v2\/product"}],"about":[{"href":"https:\/\/bosonsystems.store\/fr\/wp-json\/wp\/v2\/types\/product"}],"wp:featuredmedia":[{"embeddable":true,"href":"https:\/\/bosonsystems.store\/fr\/wp-json\/wp\/v2\/media\/2322"}],"wp:attachment":[{"href":"https:\/\/bosonsystems.store\/fr\/wp-json\/wp\/v2\/media?parent=2319"}],"wp:term":[{"taxonomy":"product_brand","embeddable":true,"href":"https:\/\/bosonsystems.store\/fr\/wp-json\/wp\/v2\/product_brand?post=2319"},{"taxonomy":"product_cat","embeddable":true,"href":"https:\/\/bosonsystems.store\/fr\/wp-json\/wp\/v2\/product_cat?post=2319"},{"taxonomy":"product_tag","embeddable":true,"href":"https:\/\/bosonsystems.store\/fr\/wp-json\/wp\/v2\/product_tag?post=2319"}],"curies":[{"name":"wp","href":"https:\/\/api.w.org\/{rel}","templated":true}]}}