{"id":2328,"date":"2025-11-24T19:50:24","date_gmt":"2025-11-24T19:50:24","guid":{"rendered":"https:\/\/bosonsystems.store\/?post_type=product&#038;p=2328"},"modified":"2026-04-21T14:10:14","modified_gmt":"2026-04-21T14:10:14","slug":"argus-a4-lwnvm","status":"publish","type":"product","link":"https:\/\/bosonsystems.store\/fr\/produit\/argus-a4-lwnvm\/","title":{"rendered":"Montage de Vision Nocturne A4 LWNVM pour shrouds standards - Argus"},"content":{"rendered":"<p>Pour utiliser efficacement votre appareil de vision nocturne sur un casque, il est essentiel de choisir un montage de haute qualit\u00e9 capable de s\u00e9curiser et prot\u00e9ger votre \u00e9quipement tout en offrant un confort d\u2019utilisation optimal. C\u2019est dans cette optique que le Argus LWNVM (Light Weight Night Vision Mount) a \u00e9t\u00e9 con\u00e7u. Il est aujourd\u2019hui consid\u00e9r\u00e9 comme une excellente alternative au G24T de Wilcox, tout en \u00e9tant propos\u00e9 \u00e0 un prix plus abordable.<\/p>\n<p>Pour d\u00e9velopper, le montage L4 LWNVM de chez Argus :<\/p>\n<p>&nbsp;<\/p>\n<ul>\n<li class=\"translation-block\"><strong><strong>L\u00e9ger<\/strong><\/strong><br>\nGr\u00e2ce \u00e0 son design skeletonized, obtenu par le retrait de mati\u00e8re superflue, le L4 LWNVM offre un poids contenu sans compromis sur la solidit\u00e9.<\/li>\n<\/ul>\n<p>&nbsp;<\/p>\n<ul>\n<li><strong><strong>Robuste<\/strong><\/strong><br \/>\nCon\u00e7u enti\u00e8rement en aluminium, il garantit une r\u00e9sistance m\u00e9canique \u00e9lev\u00e9e et une long\u00e9vit\u00e9 exemplaire sur le terrain.<\/li>\n<\/ul>\n<p>&nbsp;<\/p>\n<ul>\n<li><strong><strong>Ajustable<\/strong><\/strong><br \/>\nR\u00e9glable en hauteur, d\u00e9rive et inclinaison, il permet d\u2019adapter parfaitement n\u2019importe quel appareil de vision nocturne \u00e0 tous les op\u00e9rateurs, quelles que soient leurs pr\u00e9f\u00e9rences ou leur morphologie.<\/li>\n<\/ul>\n<p>&nbsp;<\/p>\n<ul>\n<li><strong><strong>Encombrement r\u00e9duit &amp; confort<\/strong><\/strong><br \/>\nSon design low profile une fois repli\u00e9 r\u00e9duit l\u2019encombrement et repositionne le centre de gravit\u00e9 au plus pr\u00e8s de la t\u00eate, offrant ainsi un confort nettement sup\u00e9rieur, particuli\u00e8rement pour les longues sessions d\u2019utilisation.<\/li>\n<\/ul>\n<p>&nbsp;<\/p>\n<ul>\n<li><strong><strong>Ergonomique<\/strong><\/strong><br \/>\nPens\u00e9 pour une utilisation instinctive, il permet toutes les manipulations d\u2019une seule main, m\u00eame en situation dynamique.<\/li>\n<\/ul>\n<p>&nbsp;<\/p>\n<ul>\n<li><strong><strong>Utilisation s\u00e9curis\u00e9e<\/strong><\/strong><br \/>\nGr\u00e2ce au syst\u00e8me Break Away, le mount est con\u00e7u pour se d\u00e9tacher en cas de choc violent, r\u00e9duisant les risques de blessure pour l\u2019op\u00e9rateur.<\/li>\n<\/ul>\n<p>&nbsp;<\/p>\n<table style=\"height: 282px;\" width=\"1218\">\n<tbody>\n<tr>\n<td><strong>Compatibilit\u00e9<\/strong><\/td>\n<td>\n<ul>\n<li>Compatible with most of the helmets with standard type shrouds like\u00a0OPS Core, Galvion, Team Wendy, MTEK and more.<\/li>\n<li>Compatible avec tous les appareils de vision nocturne Boson Systems, ainsi qu'avec la plupart des mod\u00e8les \u00e9quip\u00e9s d'un dovetail.<\/li>\n<\/ul>\n<\/td>\n<\/tr>\n<tr>\n<td><b>Course Avant\/Arri\u00e8re<\/b><\/td>\n<td>1.10\u201d \/ 2,8cm<\/td>\n<\/tr>\n<tr>\n<td><strong>R\u00e9glage en hauteur<\/strong><\/td>\n<td>.90\u2033 \/ 2,3cm<\/td>\n<\/tr>\n<tr>\n<td><strong>Dimensions<\/strong><\/td>\n<td>89x66x98mm<\/td>\n<\/tr>\n<tr>\n<td><strong>Poids<\/strong><\/td>\n<td>137g<\/td>\n<\/tr>\n<\/tbody>\n<\/table>","protected":false},"excerpt":{"rendered":"<p>Le montage A4 LWNVM constitue une excellente alternative au c\u00e9l\u00e8bre G24T de Wilcox, lui-m\u00eame d\u00e9riv\u00e9 du L4G24. Con\u00e7u en aluminium et b\u00e9n\u00e9ficiant d\u2019un design permettant un gain de poids significatif, il s\u2019impose comme un accessoire incontournable pour tout utilisateur d\u2019\u00e9quipements de vision nocturne recherchant un montage casque fiable, l\u00e9ger et performant.<\/p>","protected":false},"featured_media":2329,"template":"","meta":[],"product_brand":[],"product_cat":[69,28],"product_tag":[],"class_list":{"0":"post-2328","1":"product","2":"type-product","3":"status-publish","4":"has-post-thumbnail","6":"product_cat-helmet-mounts","7":"product_cat-accessories","9":"first","10":"onbackorder","11":"taxable","12":"shipping-taxable","13":"purchasable","14":"product-type-simple"},"jetpack_sharing_enabled":true,"_links":{"self":[{"href":"https:\/\/bosonsystems.store\/fr\/wp-json\/wp\/v2\/product\/2328","targetHints":{"allow":["GET"]}}],"collection":[{"href":"https:\/\/bosonsystems.store\/fr\/wp-json\/wp\/v2\/product"}],"about":[{"href":"https:\/\/bosonsystems.store\/fr\/wp-json\/wp\/v2\/types\/product"}],"wp:featuredmedia":[{"embeddable":true,"href":"https:\/\/bosonsystems.store\/fr\/wp-json\/wp\/v2\/media\/2329"}],"wp:attachment":[{"href":"https:\/\/bosonsystems.store\/fr\/wp-json\/wp\/v2\/media?parent=2328"}],"wp:term":[{"taxonomy":"product_brand","embeddable":true,"href":"https:\/\/bosonsystems.store\/fr\/wp-json\/wp\/v2\/product_brand?post=2328"},{"taxonomy":"product_cat","embeddable":true,"href":"https:\/\/bosonsystems.store\/fr\/wp-json\/wp\/v2\/product_cat?post=2328"},{"taxonomy":"product_tag","embeddable":true,"href":"https:\/\/bosonsystems.store\/fr\/wp-json\/wp\/v2\/product_tag?post=2328"}],"curies":[{"name":"wp","href":"https:\/\/api.w.org\/{rel}","templated":true}]}}