{"id":2337,"date":"2025-11-24T21:55:53","date_gmt":"2025-11-24T21:55:53","guid":{"rendered":"https:\/\/bosonsystems.store\/?post_type=product&#038;p=2337"},"modified":"2025-12-20T00:13:23","modified_gmt":"2025-12-20T00:13:23","slug":"holidays-bundle-2","status":"publish","type":"product","link":"https:\/\/bosonsystems.store\/fr\/produit\/holidays-bundle-2\/","title":{"rendered":"Holidays Bundle #2 : Bino Ho Ho"},"content":{"rendered":"<p data-start=\"103\" data-end=\"313\">La vision binoculaire classique pour les longues nuits d'hiver.<\/p>\n<p data-start=\"103\" data-end=\"313\">Les jumelles Proton Lite, dot\u00e9es d'optiques standards et de tubes doubles NVT-4, offrent une performance \u00e9quilibr\u00e9e et une perception de la profondeur optimale. Elles sont mont\u00e9es sur l'Argus A4 LWNVM pour une int\u00e9gration stable sur casque.<\/p>\n<p data-start=\"103\" data-end=\"313\">Simple, efficace et con\u00e7u pour l'obscurit\u00e9 totale.<\/p>\n<p data-start=\"103\" data-end=\"313\"><strong>Inclus:\u00a0<\/strong><\/p>\n<ul>\n<li data-start=\"103\" data-end=\"313\">Proton Lite binocular avec optiques standards et deux tubes NVT-4<\/li>\n<li data-start=\"103\" data-end=\"313\">Montage Argus A4 LWNVM<\/li>\n<\/ul>","protected":false},"excerpt":{"rendered":"<p>La vision binoculaire classique pour les longues nuits d'hiver. Les jumelles Proton Lite, dot\u00e9es d'optiques standards et de tubes doubles NVT-4, offrent une performance \u00e9quilibr\u00e9e et une perception de la profondeur optimale. Elles sont mont\u00e9es sur l'Argus A4 LWNVM pour une int\u00e9gration stable sur casque. Simple, efficace et con\u00e7u pour l'obscurit\u00e9 totale.<\/p>","protected":false},"featured_media":2972,"template":"","meta":[],"product_brand":[32],"product_cat":[70,31],"product_tag":[],"class_list":{"0":"post-2337","1":"product","2":"type-product","3":"status-publish","4":"has-post-thumbnail","6":"product_brand-boson-systems","7":"product_cat-holidays-sale","8":"product_cat-all","10":"first","11":"instock","12":"taxable","13":"shipping-taxable","14":"purchasable","15":"product-type-simple"},"jetpack_sharing_enabled":true,"_links":{"self":[{"href":"https:\/\/bosonsystems.store\/fr\/wp-json\/wp\/v2\/product\/2337","targetHints":{"allow":["GET"]}}],"collection":[{"href":"https:\/\/bosonsystems.store\/fr\/wp-json\/wp\/v2\/product"}],"about":[{"href":"https:\/\/bosonsystems.store\/fr\/wp-json\/wp\/v2\/types\/product"}],"wp:featuredmedia":[{"embeddable":true,"href":"https:\/\/bosonsystems.store\/fr\/wp-json\/wp\/v2\/media\/2972"}],"wp:attachment":[{"href":"https:\/\/bosonsystems.store\/fr\/wp-json\/wp\/v2\/media?parent=2337"}],"wp:term":[{"taxonomy":"product_brand","embeddable":true,"href":"https:\/\/bosonsystems.store\/fr\/wp-json\/wp\/v2\/product_brand?post=2337"},{"taxonomy":"product_cat","embeddable":true,"href":"https:\/\/bosonsystems.store\/fr\/wp-json\/wp\/v2\/product_cat?post=2337"},{"taxonomy":"product_tag","embeddable":true,"href":"https:\/\/bosonsystems.store\/fr\/wp-json\/wp\/v2\/product_tag?post=2337"}],"curies":[{"name":"wp","href":"https:\/\/api.w.org\/{rel}","templated":true}]}}