{"id":2438,"date":"2025-11-25T22:06:47","date_gmt":"2025-11-25T22:06:47","guid":{"rendered":"https:\/\/bosonsystems.store\/?post_type=product&#038;p=2438"},"modified":"2025-12-14T00:28:54","modified_gmt":"2025-12-14T00:28:54","slug":"falconclaw-qda-pvs-14-the-14","status":"publish","type":"product","link":"https:\/\/bosonsystems.store\/fr\/produit\/falconclaw-qda-pvs-14-the-14\/","title":{"rendered":"Adaptateur QDA (Quick Detach Adapter) pour Monoculaire de Vision Nocturne Proton Lite-O \u2013 Falconclaw"},"content":{"rendered":"<p class=\"translation-block\">Vous avez deux monoculaires <a href=\"https:\/\/bosonsystems.store\/fr\/produit\/proton-lite-o-aluminum-night-vision-monocular\/\" target=\"_self\">Proton Lite-O<\/a> et souhaitez les utiliser simultan\u00e9ment\u202f? Le QDA est l\u2019adaptateur id\u00e9al pour le <a href=\"https:\/\/bosonsystems.store\/fr\/produit\/falconclaw-qdb\/\" target=\"_self\">Quick Detach Bridge (QDB)<\/a> ou la monture Quick Detach (QDF).\nVoici les principales caract\u00e9ristiques du QDA :<\/p>\n<p>&nbsp;<\/p>\n<ul>\n<li><strong data-start=\"50\" data-end=\"77\">Robuste et l\u00e9ger<\/strong><br data-start=\"77\" data-end=\"80\" \/>Gr\u00e2ce \u00e0 sa construction en aluminium.<\/li>\n<\/ul>\n<p>&nbsp;<\/p>\n<ul>\n<li><strong data-start=\"36\" data-end=\"52\">Ambidextre<\/strong><br data-start=\"52\" data-end=\"55\" \/>Id\u00e9al pour les utilisateurs droitiers comme gauchers.<\/li>\n<\/ul>\n<p>&nbsp;<\/p>\n<table style=\"height: 78px;\" border=\"1\" width=\"669\">\n<tbody>\n<tr>\n<td style=\"text-align: center;\"><strong>Compatibilit\u00e9<\/strong><\/td>\n<td>\n<ul>\n<li class=\"translation-block\">PVS-14, <a href=\"https:\/\/bosonsystems.store\/fr\/produit\/proton-lite-o-aluminum-night-vision-monocular\/\" target=\"_self\">Proton Lite-O<\/a> et plus.<\/li>\n<li>Peut \u00eatre mont\u00e9 sur tout montage avec un Dovetail standard.<\/li>\n<\/ul>\n<\/td>\n<\/tr>\n<tr>\n<td style=\"text-align: center;\"><strong>Poids<\/strong><\/td>\n<td>21g<\/td>\n<\/tr>\n<\/tbody>\n<\/table>\n<p>&nbsp;<\/p>","protected":false},"excerpt":{"rendered":"<p class=\"translation-block\">Le QDA de Falconclaw est un adaptateur con\u00e7u pour monter deux monoculaires <a href=\"https:\/\/bosonsystems.store\/fr\/produit\/proton-lite-o-aluminum-night-vision-monocular\/\" target=\"_self\">Proton Lite-O<\/a> sur un pont QDB ou un montage QDF. Fabriqu\u00e9 en aluminium, il assure une installation stable et s\u00e9curis\u00e9e.<\/p>","protected":false},"featured_media":2439,"template":"","meta":[],"product_brand":[],"product_cat":[69,74,89,90,31,28],"product_tag":[],"class_list":{"0":"post-2438","1":"product","2":"type-product","3":"status-publish","4":"has-post-thumbnail","6":"product_cat-helmet-mounts","7":"product_cat-j-arm","8":"product_cat-mounts","9":"product_cat-night-vision-accessories","10":"product_cat-all","11":"product_cat-accessories","13":"first","14":"onbackorder","15":"taxable","16":"shipping-taxable","17":"purchasable","18":"product-type-simple"},"jetpack_sharing_enabled":true,"_links":{"self":[{"href":"https:\/\/bosonsystems.store\/fr\/wp-json\/wp\/v2\/product\/2438","targetHints":{"allow":["GET"]}}],"collection":[{"href":"https:\/\/bosonsystems.store\/fr\/wp-json\/wp\/v2\/product"}],"about":[{"href":"https:\/\/bosonsystems.store\/fr\/wp-json\/wp\/v2\/types\/product"}],"wp:featuredmedia":[{"embeddable":true,"href":"https:\/\/bosonsystems.store\/fr\/wp-json\/wp\/v2\/media\/2439"}],"wp:attachment":[{"href":"https:\/\/bosonsystems.store\/fr\/wp-json\/wp\/v2\/media?parent=2438"}],"wp:term":[{"taxonomy":"product_brand","embeddable":true,"href":"https:\/\/bosonsystems.store\/fr\/wp-json\/wp\/v2\/product_brand?post=2438"},{"taxonomy":"product_cat","embeddable":true,"href":"https:\/\/bosonsystems.store\/fr\/wp-json\/wp\/v2\/product_cat?post=2438"},{"taxonomy":"product_tag","embeddable":true,"href":"https:\/\/bosonsystems.store\/fr\/wp-json\/wp\/v2\/product_tag?post=2438"}],"curies":[{"name":"wp","href":"https:\/\/api.w.org\/{rel}","templated":true}]}}