{"id":2443,"date":"2025-11-25T22:13:36","date_gmt":"2025-11-25T22:13:36","guid":{"rendered":"https:\/\/bosonsystems.store\/?post_type=product&#038;p=2443"},"modified":"2025-12-12T17:11:36","modified_gmt":"2025-12-12T17:11:36","slug":"falconclaw-qdb","status":"publish","type":"product","link":"https:\/\/bosonsystems.store\/fr\/produit\/falconclaw-qdb\/","title":{"rendered":"Bridge QDB ( Quick Detach Bridge ) pour monoculaires Proton Lite-O \u2013 Falconclaw"},"content":{"rendered":"<p>Vous avez deux monoculaires et vous souhaitez les transformer en un binoculaire ? C\u2019est exactement pour cela que le QDB de Falconclaw a \u00e9t\u00e9 con\u00e7u. Voyons ensemble pourquoi vous devriez l'obtenir :<\/p>\n<p>&nbsp;<\/p>\n<ul>\n<li><strong><strong>Multiusage<\/strong><\/strong><br \/>\nVous pouvez installer un dispositif de vision nocturne ou thermique, ou utiliser les deux simultan\u00e9ment pour une fonctionnalit\u00e9 accrue.<\/li>\n<\/ul>\n<p>&nbsp;<\/p>\n<ul>\n<li><strong><strong>Robuste et l\u00e9ger<\/strong><\/strong><br \/>\nConstruit en aluminium et en acier inoxydable, le QDB est con\u00e7u pour offrir des performances fiables dans les conditions les plus difficiles, tout en apportant un confort am\u00e9lior\u00e9 lors d\u2019une utilisation prolong\u00e9e. Son anodisation dure de type III prot\u00e8ge \u00e9galement le composant de l\u2019usure et des rayures.<\/li>\n<\/ul>\n<p>&nbsp;<\/p>\n<ul>\n<li><strong><strong>Installation facile et rapide<\/strong><\/strong><br \/>\nGr\u00e2ce \u00e0 son syst\u00e8me de fixation rapide, le QDB est compatible avec le QDA (Quick Detach Adapter), offrant un large \u00e9ventail de possibilit\u00e9s de configuration. De plus, vous pouvez d\u00e9tacher facilement votre syst\u00e8me lorsque vous souhaitez utiliser les monoculaires \u00e0 la main.<\/li>\n<\/ul>\n<p>&nbsp;<\/p>\n<ul>\n<li><strong><strong>S\u00e9curis\u00e9 et Low Profile<\/strong><\/strong><br \/>\nLe pont dispose d\u2019un design articul\u00e9, vous permettant de d\u00e9placer les dispositifs hors de votre champ de vision ou de les replier contre votre casque. Cette conception maintient votre \u00e9quipement s\u00e9curis\u00e9, r\u00e9duit les risques de dommages et am\u00e9liore le confort ainsi que la mobilit\u00e9 pendant l\u2019utilisation.<\/li>\n<\/ul>\n<p>&nbsp;<\/p>\n<ul>\n<li><strong><strong>Ergonomique<\/strong><\/strong><br \/>\nLe QDB est \u00e9quip\u00e9 d\u2019arr\u00eats IPD (Distance Inter-Pupillaire) int\u00e9gr\u00e9s, garantissant que les dispositifs retrouvent exactement la m\u00eame position lorsqu\u2019ils sont rabattus.<\/li>\n<\/ul>\n<p>&nbsp;<\/p>\n<ul>\n<li><strong><strong>Fi\u00e8rement fabriqu\u00e9 en Estonie. Hurraa !<\/strong><\/strong><\/li>\n<\/ul>\n<p>&nbsp;<\/p>\n<p class=\"translation-block\"><strong><strong>AVERTISSEMENT : Avant l\u2019achat, nous vous recommandons de v\u00e9rifier que vos monoculaires s\u2019adaptent sans n\u00e9cessiter de <a href=\"https:\/\/bosonsystems.store\/fr\/produit\/falconclaw-qda-pvs-14-the-14\/\" target=\"_self\">QDA<\/a>. Ce produit inclut uniquement le pont, sans aucun adaptateur pour dispositif.<\/strong><\/strong><\/p>\n<p>&nbsp;<\/p>\n<table style=\"height: 249px;\" border=\"1\" width=\"879\">\n<tbody>\n<tr>\n<td style=\"text-align: center;\"><strong><strong>Compatibilit\u00e9<\/strong><\/strong><\/td>\n<td>\n<ul>\n<li>Avec la plupart des montages du march\u00e9<br \/>\nExemple : Wilcox, Argus, Cadex, Udapt et plus<\/li>\n<li>Avec la plupart des monoculaires de vision nocturne ou thermique avec Dovetail standard<\/li>\n<\/ul>\n<\/td>\n<\/tr>\n<tr>\n<td>\n<p style=\"text-align: center;\"><strong><strong>Dimensions<\/strong><\/strong><\/p>\n<\/td>\n<td>\n<ul>\n<li>Longueur Max : 37 mm \/ 1,45 in<\/li>\n<li>Largeur Max : 98 mm \/ 3,85 in<\/li>\n<li>Hauteur Max : 32mm \/ 1,25in<\/li>\n<\/ul>\n<\/td>\n<\/tr>\n<tr>\n<td style=\"text-align: center;\"><strong><strong>Poids<\/strong><\/strong><\/td>\n<td>58g<\/td>\n<\/tr>\n<\/tbody>\n<\/table>\n<p>&nbsp;<\/p>","protected":false},"excerpt":{"rendered":"<p>Le Quick Detach Bridge de Falconclaw est un pont solide mais l\u00e9ger en aluminium, qui vous permet de combiner deux monoculaires de vision nocturne ou thermique pour former un syst\u00e8me binoculaire. Il se monte facilement sur tout Dovetail de type Wilcox.<\/p>","protected":false},"featured_media":2448,"template":"","meta":[],"product_brand":[],"product_cat":[69,90,31,28],"product_tag":[],"class_list":{"0":"post-2443","1":"product","2":"type-product","3":"status-publish","4":"has-post-thumbnail","6":"product_cat-helmet-mounts","7":"product_cat-night-vision-accessories","8":"product_cat-all","9":"product_cat-accessories","11":"first","12":"onbackorder","13":"taxable","14":"shipping-taxable","15":"purchasable","16":"product-type-simple"},"jetpack_sharing_enabled":true,"_links":{"self":[{"href":"https:\/\/bosonsystems.store\/fr\/wp-json\/wp\/v2\/product\/2443","targetHints":{"allow":["GET"]}}],"collection":[{"href":"https:\/\/bosonsystems.store\/fr\/wp-json\/wp\/v2\/product"}],"about":[{"href":"https:\/\/bosonsystems.store\/fr\/wp-json\/wp\/v2\/types\/product"}],"wp:featuredmedia":[{"embeddable":true,"href":"https:\/\/bosonsystems.store\/fr\/wp-json\/wp\/v2\/media\/2448"}],"wp:attachment":[{"href":"https:\/\/bosonsystems.store\/fr\/wp-json\/wp\/v2\/media?parent=2443"}],"wp:term":[{"taxonomy":"product_brand","embeddable":true,"href":"https:\/\/bosonsystems.store\/fr\/wp-json\/wp\/v2\/product_brand?post=2443"},{"taxonomy":"product_cat","embeddable":true,"href":"https:\/\/bosonsystems.store\/fr\/wp-json\/wp\/v2\/product_cat?post=2443"},{"taxonomy":"product_tag","embeddable":true,"href":"https:\/\/bosonsystems.store\/fr\/wp-json\/wp\/v2\/product_tag?post=2443"}],"curies":[{"name":"wp","href":"https:\/\/api.w.org\/{rel}","templated":true}]}}