{"id":2456,"date":"2025-11-26T13:14:55","date_gmt":"2025-11-26T13:14:55","guid":{"rendered":"https:\/\/bosonsystems.store\/?post_type=product&#038;p=2456"},"modified":"2025-12-04T15:19:29","modified_gmt":"2025-12-04T15:19:29","slug":"proton-optical-pod-pvs","status":"publish","type":"product","link":"https:\/\/bosonsystems.store\/fr\/produit\/proton-optical-pod-pvs\/","title":{"rendered":"Pod optique Proton (PVS) - Boson Systems"},"content":{"rendered":"<h4>AVERTISSEMENT : Ce produit comprend uniquement le bloc sans optiques ni tubes<\/h4>\n<h2>Proton Optical Pod<\/h2>\n<p>Le bloc optique Proton est le c\u0153ur de la plateforme de vision nocturne Proton. Chaque bloc est un module optique enti\u00e8rement ind\u00e9pendant, con\u00e7u pour accueillir un intensificateur d'image ANVIS \/ MX10160 de petit format. Construit en aluminium de qualit\u00e9 a\u00e9rospatiale et scell\u00e9 pour r\u00e9sister aux environnements difficiles, il offre une base robuste et modulaire pour les configurations monoculaires et binoculaires.<\/p>\n<h3>Conception Modulaire<\/h3>\n<ul>\n<li>Utilisez un seul bloc comme monoculaire compact, ou combinez deux blocs sur un pont Proton Lite pour construire un syst\u00e8me binoculaire complet.<\/li>\n<li>Chaque bloc est m\u00e9caniquement ind\u00e9pendant, ce qui rend les mises \u00e0 niveau, les remplacements et les changements de configuration simples et rapides.<\/li>\n<li>Con\u00e7u pour les utilisateurs qui souhaitent une plateforme \u00e0 long terme qu'ils peuvent adapter \u00e0 leurs besoins au fil du temps.<\/li>\n<\/ul>\n<h3>Scell\u00e9 et purg\u00e9 individuellement<\/h3>\n<ul>\n<li>Chaque bloc optique peut \u00eatre scell\u00e9 et purg\u00e9 \u00e0 l'azote individuellement.<\/li>\n<li>L'atmosph\u00e8re \u00e0 l'int\u00e9rieur du bloc reste isol\u00e9e du reste du syst\u00e8me.<\/li>\n<li>Tout d\u00e9montage sur le pont ou les accessoires ne compromet pas l'int\u00e9grit\u00e9 du module optique.<\/li>\n<\/ul>\n<h3>Construction robuste<\/h3>\n<ul>\n<li>Bo\u00eetier en aluminium 7075-T6 de qualit\u00e9 a\u00e9rospatiale.<\/li>\n<li>Finition anodis\u00e9e dure de type III pour une r\u00e9sistance maximale \u00e0 l'usure et \u00e0 la corrosion.<\/li>\n<li>Construction submersible con\u00e7ue pour des conditions de terrain exigeantes.<\/li>\n<\/ul>\n<h3>Performances optiques<\/h3>\n<ul>\n<li>Compatible with small-format ANVIS \/ MX10160 image intensifier tubes.<\/li>\n<li>Optimised for a 40\u00b0 \u00b1 2\u00b0 field of view with standard mil-spec optics.<\/li>\n<li>Diopter adjustment range (with standard eyepiece optics): approx. +2 to \u22126.<\/li>\n<\/ul>\n<h3>Plateforme r\u00e9parable et durable<\/h3>\n<ul>\n<li>Conception simple, riche en fonctionnalit\u00e9s, ax\u00e9e sur la fiabilit\u00e9 plut\u00f4t que sur les gadgets.<\/li>\n<li>L'entretien sur le terrain et le remplacement des pi\u00e8ces sont simples et ne n\u00e9cessitent pas d'\u00e9quipement sp\u00e9cialis\u00e9.<\/li>\n<li>Id\u00e9al pour les utilisateurs qui souhaitent maintenir leur syst\u00e8me op\u00e9rationnel sur le long terme, avec un temps d'arr\u00eat minimal.<\/li>\n<\/ul>\n<h3>Compatibilit\u00e9<\/h3>\n<ul>\n<li>Compatible avec le ch\u00e2ssis \/ pont binoculaire Proton Lite.<\/li>\n<li>Fonctionne avec l'adaptateur monoculaire Proton Lite-O pour construire une configuration \u00e0 \u0153il unique.<\/li>\n<li>Accepte le format standard de petit intensificateur d'image ANVIS \/ MX10160.<\/li>\n<\/ul>\n<h3>Caract\u00e9ristiques principales<\/h3>\n<ul>\n<li>Bloc optique ind\u00e9pendant et enti\u00e8rement scell\u00e9.<\/li>\n<li>Corps en aluminium 7075-T6 de qualit\u00e9 a\u00e9rospatiale.<\/li>\n<li>Finition anodis\u00e9e dure de type III.<\/li>\n<li>Optimis\u00e9 pour un champ de vision (FOV) de 40\u2218\u00b12\u2218 (avec les optiques standard).<\/li>\n<li>Con\u00e7u pour les petits tubes ANVIS \/ MX10160.<\/li>\n<li>Modulaire : mono ou bino selon la configuration.<\/li>\n<\/ul>\n<h3>Inclus<\/h3>\n<ul>\n<li>1 \u00d7 Bloc optique Proton (bo\u00eetier uniquement, sans intensificateur d'image).<\/li>\n<li>1\u00d7 Bague de verrouillage du tube<\/li>\n<li>1 \u00d7 Bague de verrouillage de l'oculaire<\/li>\n<li>1 \u00d7 Bague de verrouillage de l'infini de l'objectif<\/li>\n<li>1 \u00d7 Bague d'arr\u00eat de la mise au point rapproch\u00e9e de l'objectif<\/li>\n<li>4 \u00d7 Vis suppl\u00e9mentaires<\/li>\n<\/ul>","protected":false},"excerpt":{"rendered":"<p>Le bloc optique Proton est le module optique central de la plateforme Proton. Construit en aluminium de qualit\u00e9 a\u00e9rospatiale et con\u00e7u pour \u00eatre scell\u00e9 et purg\u00e9 individuellement, chaque bloc offre une vision nocturne fiable et haute performance tout en restant facile \u00e0 entretenir, \u00e0 mettre \u00e0 niveau et \u00e0 reconfigurer de mono \u00e0 bino.<\/p>","protected":false},"featured_media":2457,"template":"","meta":[],"product_brand":[32],"product_cat":[53,31],"product_tag":[],"class_list":{"0":"post-2456","1":"product","2":"type-product","3":"status-publish","4":"has-post-thumbnail","6":"product_brand-boson-systems","7":"product_cat-components","8":"product_cat-all","10":"first","11":"instock","12":"taxable","13":"shipping-taxable","14":"purchasable","15":"product-type-simple"},"jetpack_sharing_enabled":true,"_links":{"self":[{"href":"https:\/\/bosonsystems.store\/fr\/wp-json\/wp\/v2\/product\/2456","targetHints":{"allow":["GET"]}}],"collection":[{"href":"https:\/\/bosonsystems.store\/fr\/wp-json\/wp\/v2\/product"}],"about":[{"href":"https:\/\/bosonsystems.store\/fr\/wp-json\/wp\/v2\/types\/product"}],"wp:featuredmedia":[{"embeddable":true,"href":"https:\/\/bosonsystems.store\/fr\/wp-json\/wp\/v2\/media\/2457"}],"wp:attachment":[{"href":"https:\/\/bosonsystems.store\/fr\/wp-json\/wp\/v2\/media?parent=2456"}],"wp:term":[{"taxonomy":"product_brand","embeddable":true,"href":"https:\/\/bosonsystems.store\/fr\/wp-json\/wp\/v2\/product_brand?post=2456"},{"taxonomy":"product_cat","embeddable":true,"href":"https:\/\/bosonsystems.store\/fr\/wp-json\/wp\/v2\/product_cat?post=2456"},{"taxonomy":"product_tag","embeddable":true,"href":"https:\/\/bosonsystems.store\/fr\/wp-json\/wp\/v2\/product_tag?post=2456"}],"curies":[{"name":"wp","href":"https:\/\/api.w.org\/{rel}","templated":true}]}}