{"id":2518,"date":"2025-11-26T22:16:53","date_gmt":"2025-11-26T22:16:53","guid":{"rendered":"https:\/\/bosonsystems.store\/?post_type=product&#038;p=2518"},"modified":"2025-12-06T15:30:15","modified_gmt":"2025-12-06T15:30:15","slug":"falcon-640-v2-multi-functional-thermal-monocular","status":"publish","type":"product","link":"https:\/\/bosonsystems.store\/fr\/produit\/falcon-640-v2-multi-functional-thermal-monocular\/","title":{"rendered":"Falcon 640+ V2 (Multi-functional Thermal monocular)"},"content":{"rendered":"<div class=\"product-description\">\n<p class=\"translation-block\">Le Falcon 640+ V2 est un monoculaire thermique compact et polyvalent, d\u00e9velopp\u00e9 \u00e0 partir de la s\u00e9rie RICO MICRO.<br>\nLa version V2 offre un taux de rafra\u00eechissement de 60 Hz, une sensibilit\u00e9 tr\u00e8s \u00e9lev\u00e9e (\u2264 15 mK NETD), un \u00e9cran 1440 \u00d7 1080<br>\net un meilleur d\u00e9gagement oculaire, ce qui le rend adapt\u00e9 \u00e0 une utilisation \u00e0 la main, sur casque, en clip-on ou en lunette d\u00e9di\u00e9e.<\/p>\n<p class=\"translation-block\">Gr\u00e2ce \u00e0 son d\u00e9tecteur VOx de 12 \u00b5m et \u00e0 son bo\u00eetier robuste, il offre une image nette par mauvais temps et dans des environnements exigeants,<br>\navec une capacit\u00e9 de reconnaissance longue port\u00e9e pour les humains comme pour les v\u00e9hicules.<\/p>\n<p class=\"translation-block\"><strong>Avertissement :<\/strong> la fonction de r\u00e9ticule sur les unit\u00e9s Falcon 640+ V2 est d\u00e9sactiv\u00e9e par d\u00e9faut. Son activation<br>\nest soumise aux r\u00e9glementations locales et rel\u00e8ve de la responsabilit\u00e9 de l\u2019utilisateur final. Veuillez contacter Falconclaw pour obtenir des informations.<\/p>\n<p class=\"translation-block\">The device is supplied with two battery caps, allowing the use of 18650 batteries in different lengths<br>\r\n(approx. 65 mm and 70 mm).<\/p>\n<\/div>\n<h3><\/h3>\n<p>&nbsp;<\/p>\n<div class=\"product-description\">\n<h3>Points cl\u00e9s<\/h3>\n<ul>\n<li>Sensibilit\u00e9 du d\u00e9tecteur \u2264 15 mK avec un rafra\u00eechissement fluide de 60 Hz pour une image thermique d\u00e9taill\u00e9e.<br><\/li>\n<li>Reconnaissance longue port\u00e9e : environ 1180 m pour une cible humaine et 1597 m pour des v\u00e9hicules.<\/li>\n<li>Autonomie pour toute la nuit avec une seule batterie 18650 rechargeable (charge USB-C).<\/li>\n<li>Construction robuste : certification IP67 et r\u00e9sistance au recul jusqu\u2019au 300 Win. Mag \/ 7 mm Mag.<\/li>\n<\/ul>\n<\/div>\n<p>&nbsp;<\/p>\n<p>&nbsp;<\/p>\n<div class=\"product-description\">\n<h3>Optiques &amp; Capteur<\/h3>\n<table>\n<tbody>\n<tr>\n<th>Capteur<\/th>\n<td>640 \u00d7 480 \/ 12 \u00b5m<\/td>\n<\/tr>\n<tr>\n<th>Objectif<\/th>\n<td>25 mm f\/1.0<\/td>\n<\/tr>\n<tr>\n<th>Champ de vision (FOV)<\/th>\n<td>17.2\u00b0 \u00d7 13.7\u00b0<\/td>\n<\/tr>\n<tr>\n<th>D\u00e9gagement oculaire<\/th>\n<td>45 mm<\/td>\n<\/tr>\n<tr>\n<th>Ajustement Dioptrique<\/th>\n<td>\u22125 \u00e0 +2 dpt<\/td>\n<\/tr>\n<tr>\n<th>Zoom optique<\/th>\n<td>1\u00d7<\/td>\n<\/tr>\n<tr>\n<th>Zoom num\u00e9rique<\/th>\n<td>1\u00d7 \/ 2\u00d7 \/ 4\u00d7<\/td>\n<\/tr>\n<tr>\n<th>Pointeur laser<\/th>\n<td>Non<\/td>\n<\/tr>\n<\/tbody>\n<\/table>\n<\/div>\n<h3><\/h3>\n<p>&nbsp;<\/p>\n<div class=\"product-description\">\n<h3>Performance<\/h3>\n<table>\n<tbody>\n<tr>\n<th>Port\u00e9e de reconnaissance (humain)<\/th>\n<td>1180 m<\/td>\n<\/tr>\n<tr>\n<th>Port\u00e9e de reconnaissance (v\u00e9hicule)<\/th>\n<td>1597 m<\/td>\n<\/tr>\n<tr>\n<th>Diff\u00e9rence de Temp\u00e9rature \u00c9quivalente au Bruit (NETD)<\/th>\n<td>\u2264 15 mK<\/td>\n<\/tr>\n<tr>\n<th>Fr\u00e9quence d\u2019image<\/th>\n<td>60 Hz<\/td>\n<\/tr>\n<\/tbody>\n<\/table>\n<\/div>\n<h3><\/h3>\n<p>&nbsp;<\/p>\n<div class=\"product-description\">\n<h3>Alimentation &amp; Affichage<\/h3>\n<table>\n<tbody>\n<tr>\n<th>Autonomie<\/th>\n<td>\u2265 6.5 h<\/td>\n<\/tr>\n<tr>\n<th>Type de batterie<\/th>\n<td>1 \u00d7 18650 (rechargeable, USB-C)<\/td>\n<\/tr>\n<tr>\n<th>Affichage<\/th>\n<td>1440 \u00d7 1080<\/td>\n<\/tr>\n<tr>\n<th>Stockage Interne<\/th>\n<td>64 GB<\/td>\n<\/tr>\n<\/tbody>\n<\/table>\n<\/div>\n<h3><\/h3>\n<p>&nbsp;<\/p>\n<div class=\"product-description\">\n<h3>Durabilit\u00e9 &amp; Montage<\/h3>\n<table>\n<tbody>\n<tr>\n<th>R\u00e9sistance au recul<\/th>\n<td>Oui, jusqu\u2019au 300 Win. Mag \/ 7 mm Mag (1000 g g\/s\u00b2)<\/td>\n<\/tr>\n<tr>\n<th>Options de montage<\/th>\n<td>\u00c0 la main, sur casque, en clip-on, en lunette d\u00e9di\u00e9<\/td>\n<\/tr>\n<tr>\n<th>Indice de protection<\/th>\n<td>IP67<\/td>\n<\/tr>\n<\/tbody>\n<\/table>\n<\/div>\n<h3><\/h3>\n<p>&nbsp;<\/p>\n<div class=\"product-description\">\n<h3>Dimensions &amp; Environnement<\/h3>\n<table>\n<tbody>\n<tr>\n<th>Poids<\/th>\n<td>325 g<\/td>\n<\/tr>\n<tr>\n<th>Dimensions<\/th>\n<td>115 \u00d7 65 \u00d7 48 mm<\/td>\n<\/tr>\n<tr>\n<th>Temp\u00e9rature de fonctionnement<\/th>\n<td>\u221240 \u00b0C \u00e0 +60 \u00b0C<\/td>\n<\/tr>\n<tr>\n<th>Temp\u00e9rature de stockage<\/th>\n<td>\u221240 \u00b0C \u00e0 +60 \u00b0C<\/td>\n<\/tr>\n<\/tbody>\n<\/table>\n<\/div>\n<h3><\/h3>\n<p>&nbsp;<\/p>\n<div class=\"product-description\">\n<h3>Autres Caract\u00e9ristiques<\/h3>\n<ul>\n<li>Connectivit\u00e9 Wi-Fi pour les mises \u00e0 jour du firmware et le transfert de fichiers.<\/li>\n<li>M\u00e9moire interne permettant d\u2019enregistrer environ 1600 images et 40 heures de vid\u00e9o.<\/li>\n<li>Trois pr\u00e9r\u00e9glages de calibration et distance de calibration configurable.<\/li>\n<\/ul>\n<\/div>\n<h3><\/h3>\n<p>&nbsp;<\/p>\n<div class=\"product-description\">\n<h3>Accessoires inclus<\/h3>\n<ul>\n<li>Sac de transport rembourr\u00e9<\/li>\n<li>Deux \u0153illetons (un pour montage picatinny, un pour utilisation casque \/ clip-on)<\/li>\n<li>Support casque avec interface mini-rail<\/li>\n<li>C\u00e2bles USB-C pour charge et transfert de donn\u00e9es<\/li>\n<li>Adaptateur secteur USB<\/li>\n<li>Chargeur de batterie<\/li>\n<li>Capuchons de batterie pour cellules 18650 \/ 18700<\/li>\n<li>Montage rail picatinny<\/li>\n<li>Connecteur entre l\u2019unit\u00e9 Falcon et le support casque<\/li>\n<li>Chiffon de nettoyage en microfibre<\/li>\n<li>Kit d\u2019outils<\/li>\n<li>Visserie pour montage casque et picatinny<\/li>\n<\/ul>\n<\/div>","protected":false},"excerpt":{"rendered":"<p>The Falcon 640+ V2 is a compact, multi-functional thermal monocular developed from the RICO MICRO series. The V2 version features a 60 Hz refresh rate, very high sensitivity (\u2264 15 mK NETD), a 1440 \u00d7 1080 display and improved eye relief, making it suitable for handheld, helmet-mounted, clip-on or dedicated scope use. Thanks to its [&hellip;]<\/p>\n","protected":false},"featured_media":2520,"template":"","meta":[],"product_brand":[],"product_cat":[87,77],"product_tag":[],"class_list":{"0":"post-2518","1":"product","2":"type-product","3":"status-publish","4":"has-post-thumbnail","6":"product_cat-scopes","7":"product_cat-thermal","9":"first","10":"instock","11":"taxable","12":"shipping-taxable","13":"purchasable","14":"product-type-simple"},"jetpack_sharing_enabled":true,"_links":{"self":[{"href":"https:\/\/bosonsystems.store\/fr\/wp-json\/wp\/v2\/product\/2518","targetHints":{"allow":["GET"]}}],"collection":[{"href":"https:\/\/bosonsystems.store\/fr\/wp-json\/wp\/v2\/product"}],"about":[{"href":"https:\/\/bosonsystems.store\/fr\/wp-json\/wp\/v2\/types\/product"}],"wp:featuredmedia":[{"embeddable":true,"href":"https:\/\/bosonsystems.store\/fr\/wp-json\/wp\/v2\/media\/2520"}],"wp:attachment":[{"href":"https:\/\/bosonsystems.store\/fr\/wp-json\/wp\/v2\/media?parent=2518"}],"wp:term":[{"taxonomy":"product_brand","embeddable":true,"href":"https:\/\/bosonsystems.store\/fr\/wp-json\/wp\/v2\/product_brand?post=2518"},{"taxonomy":"product_cat","embeddable":true,"href":"https:\/\/bosonsystems.store\/fr\/wp-json\/wp\/v2\/product_cat?post=2518"},{"taxonomy":"product_tag","embeddable":true,"href":"https:\/\/bosonsystems.store\/fr\/wp-json\/wp\/v2\/product_tag?post=2518"}],"curies":[{"name":"wp","href":"https:\/\/api.w.org\/{rel}","templated":true}]}}