{"id":2539,"date":"2025-11-26T23:02:38","date_gmt":"2025-11-26T23:02:38","guid":{"rendered":"https:\/\/bosonsystems.store\/?post_type=product&#038;p=2539"},"modified":"2025-11-27T00:06:32","modified_gmt":"2025-11-27T00:06:32","slug":"nnvt-7-autogated-image-intensifier-tube","status":"publish","type":"product","link":"https:\/\/bosonsystems.store\/fr\/produit\/nnvt-7-autogated-image-intensifier-tube\/","title":{"rendered":"NNVT 7 1900+ Autogated Image Tube Intensificateur"},"content":{"rendered":"<p data-start=\"140\" data-end=\"317\" class=\"translation-block\"><strong>D\u00e9lai de livraison :<\/strong> 7 \u00e0 10 jours<\/p>\n<p data-start=\"140\" data-end=\"317\" class=\"translation-block\">C'est votre option d'entr\u00e9e de gamme pour les utilisateurs qui souhaitent une capacit\u00e9 de vision nocturne fiable sans atteindre le niveau de co\u00fbt le plus \u00e9lev\u00e9. Le tube NNVT NVT 4 offre une figure de m\u00e9rite (FOM) d'environ 1 400+ et un rapport signal\/bruit (SNR) de 20+ selon la fiche technique NNVT.<br data-start=\"527\" data-end=\"530\">Avec le phosphore blanc (P45) et l'autogatage en standard, il offre des performances solides pour l'observation g\u00e9n\u00e9rale en basse lumi\u00e8re et le d\u00e9ploiement de vision nocturne d'entr\u00e9e de gamme.<\/p>\n<p data-start=\"140\" data-end=\"317\" class=\"translation-block\"><strong data-start=\"688\" data-end=\"702\">Id\u00e9al pour :<\/strong> la premi\u00e8re unit\u00e9 de vision nocturne, les applications sensibles au co\u00fbt, la formation, les syst\u00e8mes de secours ou les op\u00e9rations dans des environnements mod\u00e9r\u00e9ment peu \u00e9clair\u00e9s.<\/p>\n<p data-start=\"140\" data-end=\"317\">\n<h4><strong>Sp\u00e9cificit\u00e9s Tubes - NVT7 1900+<\/strong><\/h4>\n<table style=\"width: 100%; text-align: left;\" border=\"1\" cellspacing=\"0\" cellpadding=\"6\">\n<tbody>\n<tr>\n<td>Format<\/td>\n<td>MX10160 (2-Pad)<\/td>\n<\/tr>\n<tr>\n<td>Ecran<\/td>\n<td>18 mm<\/td>\n<\/tr>\n<tr>\n<td>FOM<\/td>\n<td>1900+<\/td>\n<\/tr>\n<tr>\n<td>SNR<\/td>\n<td>26+<\/td>\n<\/tr>\n<tr>\n<td>R\u00e9solution<\/td>\n<td>72+<\/td>\n<\/tr>\n<tr>\n<td>Gain<\/td>\n<td>9000+ cd\/m\u00b2\/lx<\/td>\n<\/tr>\n<tr>\n<td>Phosphore<\/td>\n<td>P45 Blanc<\/td>\n<\/tr>\n<tr>\n<td>Alimentation<\/td>\n<td>Autogated<\/td>\n<\/tr>\n<tr>\n<td>Voltage<\/td>\n<td>2.2 \u2013 3.4 V<\/td>\n<\/tr>\n<tr>\n<td>Dur\u00e9e de vie op\u00e9rationnelle<\/td>\n<td>10,000+ heures<\/td>\n<\/tr>\n<\/tbody>\n<\/table>","protected":false},"excerpt":{"rendered":"<p data-start=\"140\" data-end=\"317\" class=\"translation-block\">Ces tubes d'entr\u00e9e de gamme haute performance sont inclus dans tous nos syst\u00e8mes de lunettes et sont disponibles en Phosphore Blanc P45 avec autogating. Les tubes suivent le <strong data-start=\"340\" data-end=\"358\">format MX10160<\/strong>, comprenant l'<strong data-start=\"370\" data-end=\"382\">autogain<\/strong> (contr\u00f4le automatique du gain) et des <strong data-start=\"396\" data-end=\"414\">contacts standard \u00e0 2 broches<\/strong>.<\/p>","protected":false},"featured_media":464,"template":"","meta":[],"product_brand":[],"product_cat":[53,31],"product_tag":[],"class_list":{"0":"post-2539","1":"product","2":"type-product","3":"status-publish","4":"has-post-thumbnail","6":"product_cat-components","7":"product_cat-all","9":"first","10":"instock","11":"taxable","12":"shipping-taxable","13":"purchasable","14":"product-type-simple"},"jetpack_sharing_enabled":true,"_links":{"self":[{"href":"https:\/\/bosonsystems.store\/fr\/wp-json\/wp\/v2\/product\/2539","targetHints":{"allow":["GET"]}}],"collection":[{"href":"https:\/\/bosonsystems.store\/fr\/wp-json\/wp\/v2\/product"}],"about":[{"href":"https:\/\/bosonsystems.store\/fr\/wp-json\/wp\/v2\/types\/product"}],"wp:featuredmedia":[{"embeddable":true,"href":"https:\/\/bosonsystems.store\/fr\/wp-json\/wp\/v2\/media\/464"}],"wp:attachment":[{"href":"https:\/\/bosonsystems.store\/fr\/wp-json\/wp\/v2\/media?parent=2539"}],"wp:term":[{"taxonomy":"product_brand","embeddable":true,"href":"https:\/\/bosonsystems.store\/fr\/wp-json\/wp\/v2\/product_brand?post=2539"},{"taxonomy":"product_cat","embeddable":true,"href":"https:\/\/bosonsystems.store\/fr\/wp-json\/wp\/v2\/product_cat?post=2539"},{"taxonomy":"product_tag","embeddable":true,"href":"https:\/\/bosonsystems.store\/fr\/wp-json\/wp\/v2\/product_tag?post=2539"}],"curies":[{"name":"wp","href":"https:\/\/api.w.org\/{rel}","templated":true}]}}