{"id":2541,"date":"2025-11-26T23:13:30","date_gmt":"2025-11-26T23:13:30","guid":{"rendered":"https:\/\/bosonsystems.store\/?post_type=product&#038;p=2541"},"modified":"2025-12-02T19:30:51","modified_gmt":"2025-12-02T19:30:51","slug":"nnvt-5-autogated-image-intensifier-tube","status":"publish","type":"product","link":"https:\/\/bosonsystems.store\/fr\/produit\/nnvt-5-autogated-image-intensifier-tube\/","title":{"rendered":"NNVT 5 Autogated Image Tube Intensificateur"},"content":{"rendered":"<p data-start=\"140\" data-end=\"317\" class=\"translation-block\"><strong>D\u00e9lai de livraison :<\/strong> 7 \u00e0 10 jours<\/p>\n<p data-start=\"830\" data-end=\"1322\" class=\"translation-block\">Le tube NVT 5 offre une FOM minimum am\u00e9lior\u00e9e d'environ 1 600+ et un SNR de 25+.<br data-start=\"981\" data-end=\"984\">Il conserve le m\u00eame format de base (MX10160, phosphore blanc P45, autogated) mais donne une meilleure r\u00e9solution, une meilleure clart\u00e9 dans les sc\u00e8nes plus sombres et une capacit\u00e9 globale am\u00e9lior\u00e9e en basse lumi\u00e8re.<\/p>\n<p data-start=\"830\" data-end=\"1322\" class=\"translation-block\"><strong data-start=\"1166\" data-end=\"1180\">Id\u00e9al pour :<\/strong> les utilisateurs qui ont besoin de performances plus solides que l'entr\u00e9e de gamme, mais qui souhaitent toujours un bon rapport qualit\u00e9-prix, pour des environnements \u00e0 faible luminosit\u00e9 ou \u00e0 \u00e9clairage mixte plus difficiles.<\/p>\n<h4><strong>Sp\u00e9cificit\u00e9s Tubes - NVT5<\/strong><\/h4>\n<table style=\"width: 100%; text-align: left;\" border=\"1\" cellspacing=\"0\" cellpadding=\"6\">\n<tbody>\n<tr>\n<td>Format<\/td>\n<td>MX10160 (2-Pad)<\/td>\n<\/tr>\n<tr>\n<td>Ecran<\/td>\n<td>18 mm<\/td>\n<\/tr>\n<tr>\n<td>FOM<\/td>\n<td>1600+<\/td>\n<\/tr>\n<tr>\n<td>SNR<\/td>\n<td>25+<\/td>\n<\/tr>\n<tr>\n<td>R\u00e9solution<\/td>\n<td>64+<\/td>\n<\/tr>\n<tr>\n<td>Gain<\/td>\n<td>8000+ cd\/m\u00b2\/lx<\/td>\n<\/tr>\n<tr>\n<td>Phosphore<\/td>\n<td>P45 Blanc<\/td>\n<\/tr>\n<tr>\n<td>Alimentation<\/td>\n<td>Autogated<\/td>\n<\/tr>\n<tr>\n<td>Voltage<\/td>\n<td>2.2 \u2013 3.4 V<\/td>\n<\/tr>\n<tr>\n<td>Dur\u00e9e de vie op\u00e9rationnelle<\/td>\n<td>10,000+ heures<\/td>\n<\/tr>\n<\/tbody>\n<\/table>","protected":false},"excerpt":{"rendered":"<p data-start=\"140\" data-end=\"317\" class=\"translation-block\">Ces tubes d'entr\u00e9e de gamme haute performance sont inclus dans tous nos syst\u00e8mes de lunettes et sont disponibles en Phosphore Blanc P45 avec autogating. Les tubes suivent le <strong data-start=\"340\" data-end=\"358\">format MX10160<\/strong>, comprenant l'<strong data-start=\"370\" data-end=\"382\">autogain<\/strong> (contr\u00f4le automatique du gain) et des <strong data-start=\"396\" data-end=\"414\">contacts standard \u00e0 2 broches<\/strong>.<\/p>","protected":false},"featured_media":464,"template":"","meta":[],"product_brand":[],"product_cat":[53,80,31],"product_tag":[],"class_list":{"0":"post-2541","1":"product","2":"type-product","3":"status-publish","4":"has-post-thumbnail","6":"product_cat-components","7":"product_cat-image-intensifiers","8":"product_cat-all","10":"first","11":"instock","12":"taxable","13":"shipping-taxable","14":"purchasable","15":"product-type-simple"},"jetpack_sharing_enabled":true,"_links":{"self":[{"href":"https:\/\/bosonsystems.store\/fr\/wp-json\/wp\/v2\/product\/2541","targetHints":{"allow":["GET"]}}],"collection":[{"href":"https:\/\/bosonsystems.store\/fr\/wp-json\/wp\/v2\/product"}],"about":[{"href":"https:\/\/bosonsystems.store\/fr\/wp-json\/wp\/v2\/types\/product"}],"wp:featuredmedia":[{"embeddable":true,"href":"https:\/\/bosonsystems.store\/fr\/wp-json\/wp\/v2\/media\/464"}],"wp:attachment":[{"href":"https:\/\/bosonsystems.store\/fr\/wp-json\/wp\/v2\/media?parent=2541"}],"wp:term":[{"taxonomy":"product_brand","embeddable":true,"href":"https:\/\/bosonsystems.store\/fr\/wp-json\/wp\/v2\/product_brand?post=2541"},{"taxonomy":"product_cat","embeddable":true,"href":"https:\/\/bosonsystems.store\/fr\/wp-json\/wp\/v2\/product_cat?post=2541"},{"taxonomy":"product_tag","embeddable":true,"href":"https:\/\/bosonsystems.store\/fr\/wp-json\/wp\/v2\/product_tag?post=2541"}],"curies":[{"name":"wp","href":"https:\/\/api.w.org\/{rel}","templated":true}]}}