{"id":2666,"date":"2025-12-01T20:11:58","date_gmt":"2025-12-01T20:11:58","guid":{"rendered":"https:\/\/bosonsystems.store\/?post_type=product&#038;p=2666"},"modified":"2025-12-12T17:11:08","modified_gmt":"2025-12-12T17:11:08","slug":"boson-systems-4-pin-fischer-to-4-pin-fischer-cable-635mm","status":"publish","type":"product","link":"https:\/\/bosonsystems.store\/fr\/produit\/boson-systems-4-pin-fischer-to-4-pin-fischer-cable-635mm\/","title":{"rendered":"C\u00e2ble 63,5mm 4-pin Fischer vers 4-pin Fischer \u2013 Boson Systems"},"content":{"rendered":"<p class=\"translation-block\">Vous avez besoin de connecter votre <a href=\"https:\/\/bosonsystems.store\/fr\/eliminator\/\" target=\"_self\"><strong>Proton Lite Eliminator<\/strong><\/a> ou un autre appareil de vision nocturne \u00e0 votre batterie ? Ce c\u00e2ble sera parfait pour votre configuration mont\u00e9e sur casque !<\/p>\n<p>&nbsp;<\/p>\n<ul>\n<li class=\"translation-block\"><strong>Gestion s\u00e9curis\u00e9e du c\u00e2ble<\/strong><br>\nCe c\u00e2ble offre une longueur optimale pour un passage propre et s\u00fbr sur les casques et les \u00e9quipements de portage.<\/li>\n<\/ul>\n<p>&nbsp;<\/p>\n<ul>\n<li class=\"translation-block\"><b>Connexion s\u00fbre et fiable<\/b><br>Associ\u00e9 au Proton Lite Eliminator, ce c\u00e2ble garantit une liaison \u00e9lectrique fiable et s\u00e9curis\u00e9e gr\u00e2ce \u00e0 sa prise renforc\u00e9e.<\/li>\n<\/ul>\n<p>&nbsp;<\/p>\n<ul>\n<li class=\"translation-block\"><strong>\u00c9tanche et r\u00e9sistant \u00e0 la poussi\u00e8re<\/strong><br>\nGr\u00e2ce \u00e0 sa norme IP68, ce c\u00e2ble est con\u00e7u pour fonctionner dans tous les environnements sans vous d\u00e9cevoir.<\/li>\n<\/ul>\n<p>&nbsp;<\/p>\n<ul>\n<li><strong>R\u00e9sistant aux chocs<br \/>\n<\/strong>Peut r\u00e9sister \u00e0 un impact violent gr\u00e2ce \u00e0 sa certification 100 g \/ 6 ms.<\/li>\n<\/ul>\n<p>&nbsp;<\/p>\n<table style=\"height: 143px;\" border=\"1\" width=\"751\">\n<tbody>\n<tr>\n<td>Compatibilit\u00e9<\/td>\n<td>\n<ul>\n<li class=\"translation-block\">Proton Lite (avec le <a href=\"https:\/\/bosonsystems.store\/fr\/eliminator\/\" target=\"_blank\" rel=\"noopener\">Proton Lite Eliminator<\/a>)<\/li>\n<li>PVS-31A<\/li>\n<li>GPNVG-18<\/li>\n<li>BNVD-1531<\/li>\n<li>BNVD-1431<\/li>\n<li>Tout syst\u00e8me utilisant une interface d\u2019alimentation standard Fischer \u00e0 4 broches<\/li>\n<\/ul>\n<\/td>\n<\/tr>\n<\/tbody>\n<\/table>","protected":false},"excerpt":{"rendered":"<p>Ce c\u00e2ble Fischer 4 broches vers Fischer 4 broches est con\u00e7u pour alimenter vos syst\u00e8mes de vision nocturne depuis une batterie externe. Il assure une connexion fiable et s\u00e9curis\u00e9e.<\/p>","protected":false},"featured_media":2668,"template":"","meta":[],"product_brand":[32],"product_cat":[53,90,83,31,28],"product_tag":[],"class_list":{"0":"post-2666","1":"product","2":"type-product","3":"status-publish","4":"has-post-thumbnail","6":"product_brand-boson-systems","7":"product_cat-components","8":"product_cat-night-vision-accessories","9":"product_cat-tools-and-parts","10":"product_cat-all","11":"product_cat-accessories","13":"first","14":"instock","15":"taxable","16":"shipping-taxable","17":"purchasable","18":"product-type-simple"},"jetpack_sharing_enabled":true,"_links":{"self":[{"href":"https:\/\/bosonsystems.store\/fr\/wp-json\/wp\/v2\/product\/2666","targetHints":{"allow":["GET"]}}],"collection":[{"href":"https:\/\/bosonsystems.store\/fr\/wp-json\/wp\/v2\/product"}],"about":[{"href":"https:\/\/bosonsystems.store\/fr\/wp-json\/wp\/v2\/types\/product"}],"wp:featuredmedia":[{"embeddable":true,"href":"https:\/\/bosonsystems.store\/fr\/wp-json\/wp\/v2\/media\/2668"}],"wp:attachment":[{"href":"https:\/\/bosonsystems.store\/fr\/wp-json\/wp\/v2\/media?parent=2666"}],"wp:term":[{"taxonomy":"product_brand","embeddable":true,"href":"https:\/\/bosonsystems.store\/fr\/wp-json\/wp\/v2\/product_brand?post=2666"},{"taxonomy":"product_cat","embeddable":true,"href":"https:\/\/bosonsystems.store\/fr\/wp-json\/wp\/v2\/product_cat?post=2666"},{"taxonomy":"product_tag","embeddable":true,"href":"https:\/\/bosonsystems.store\/fr\/wp-json\/wp\/v2\/product_tag?post=2666"}],"curies":[{"name":"wp","href":"https:\/\/api.w.org\/{rel}","templated":true}]}}