{"id":2827,"date":"2025-12-06T19:21:20","date_gmt":"2025-12-06T19:21:20","guid":{"rendered":"https:\/\/bosonsystems.store\/?post_type=product&#038;p=2827"},"modified":"2025-12-12T17:12:21","modified_gmt":"2025-12-12T17:12:21","slug":"qdm-dovetail-helmet-arm-falconclaw","status":"publish","type":"product","link":"https:\/\/bosonsystems.store\/fr\/produit\/qdm-dovetail-helmet-arm-falconclaw\/","title":{"rendered":"J-Arm QDM (Quick Detach Mount) pour appareils de vision nocturne \/ thermique \u2013 Falconclaw"},"content":{"rendered":"<p>Vous cherchez un J-Arm surboost\u00e9 ? C\u2019est exactement ce que le QDM offre. Voici pourquoi vous en avez besoin :<\/p>\n<p>&nbsp;<\/p>\n<ul>\n<li><strong>Solide et l\u00e9ger<\/strong><br \/>\nConstructed from aluminum and reinforced stainless steel, the QDM delivers unmatched reliability even in the toughest environments.<\/li>\n<\/ul>\n<p>&nbsp;<\/p>\n<ul>\n<li><strong>Finition haut de gamme<\/strong><br \/>\nGr\u00e2ce \u00e0 son anodisation Hardcoart de type III, le QDM est prot\u00e9g\u00e9 contre les rayures, la corrosion et l\u2019usure.<\/li>\n<\/ul>\n<p>&nbsp;<\/p>\n<ul>\n<li>\n<p data-start=\"80\" data-end=\"161\"><strong data-start=\"80\" data-end=\"91\">Modulaire<\/strong><br data-start=\"91\" data-end=\"94\" \/>Retirez votre monoculaire en quelques secondes, sans aucun outil.<\/p>\n<\/li>\n<\/ul>\n<p>&nbsp;<\/p>\n<ul>\n<li>\n<p data-start=\"80\" data-end=\"161\"><strong data-start=\"163\" data-end=\"185\">Changement d\u2019\u0153il facile<\/strong><br data-start=\"185\" data-end=\"188\" \/>Changez d\u2019\u0153il d\u2019observation sans d\u00e9monter l\u2019appareil, gr\u00e2ce \u00e0 son design articul\u00e9.<\/p>\n<\/li>\n<\/ul>\n<p>&nbsp;<\/p>\n<p class=\"translation-block\"><strong>AVERTISSEMENT : LE <a href=\"https:\/\/bosonsystems.store\/fr\/produit\/falconclaw-qda-pvs-14-the-14\/\" target=\"_self\">QDA ( Quick Detach Adapter )<\/a> EST REQUIS POUR UTILISER LE <a href=\"https:\/\/bosonsystems.store\/fr\/produit\/qdm-dovetail-helmet-arm-falconclaw\/\" target=\"_self\">QDM ( Quick Detach Mount )<\/a> AND <a href=\"https:\/\/bosonsystems.store\/fr\/produit\/falconclaw-qdb\/\">QDB ( Quick Detach Bridge )<\/a><\/strong><\/p>\n<p>&nbsp;<\/p>\n<table style=\"height: 90px;\" border=\"1\" width=\"695\">\n<tbody>\n<tr>\n<td style=\"text-align: center;\"><strong>Compatibilit\u00e9<\/strong><\/td>\n<td>Wilcox G24 Series, Argus, Cadex, Udapt et plus<\/td>\n<\/tr>\n<tr>\n<td style=\"text-align: center;\"><strong>Poids<\/strong><\/td>\n<td>47g<\/td>\n<\/tr>\n<\/tbody>\n<\/table>\n<p>&nbsp;<\/p>","protected":false},"excerpt":{"rendered":"<p>Le QDM (Quick Detach Mount) est une alternative modulable et polyvalente au J-Arm, vous permettant de fixer rapidement et en toute s\u00e9curit\u00e9 un monoculaire de vision nocturne ou thermique sur un casque ou une monture d\u2019arme, sans outil n\u00e9cessaire.<\/p>","protected":false},"featured_media":2831,"template":"","meta":[],"product_brand":[76],"product_cat":[69,74,89,31,28],"product_tag":[],"class_list":{"0":"post-2827","1":"product","2":"type-product","3":"status-publish","4":"has-post-thumbnail","6":"product_brand-falconclaw","7":"product_cat-helmet-mounts","8":"product_cat-j-arm","9":"product_cat-mounts","10":"product_cat-all","11":"product_cat-accessories","13":"first","14":"onbackorder","15":"taxable","16":"shipping-taxable","17":"purchasable","18":"product-type-simple"},"jetpack_sharing_enabled":true,"_links":{"self":[{"href":"https:\/\/bosonsystems.store\/fr\/wp-json\/wp\/v2\/product\/2827","targetHints":{"allow":["GET"]}}],"collection":[{"href":"https:\/\/bosonsystems.store\/fr\/wp-json\/wp\/v2\/product"}],"about":[{"href":"https:\/\/bosonsystems.store\/fr\/wp-json\/wp\/v2\/types\/product"}],"wp:featuredmedia":[{"embeddable":true,"href":"https:\/\/bosonsystems.store\/fr\/wp-json\/wp\/v2\/media\/2831"}],"wp:attachment":[{"href":"https:\/\/bosonsystems.store\/fr\/wp-json\/wp\/v2\/media?parent=2827"}],"wp:term":[{"taxonomy":"product_brand","embeddable":true,"href":"https:\/\/bosonsystems.store\/fr\/wp-json\/wp\/v2\/product_brand?post=2827"},{"taxonomy":"product_cat","embeddable":true,"href":"https:\/\/bosonsystems.store\/fr\/wp-json\/wp\/v2\/product_cat?post=2827"},{"taxonomy":"product_tag","embeddable":true,"href":"https:\/\/bosonsystems.store\/fr\/wp-json\/wp\/v2\/product_tag?post=2827"}],"curies":[{"name":"wp","href":"https:\/\/api.w.org\/{rel}","templated":true}]}}