{"id":3272,"date":"2026-04-13T10:16:01","date_gmt":"2026-04-13T10:16:01","guid":{"rendered":"https:\/\/bosonsystems.store\/?post_type=product&#038;p=3272"},"modified":"2026-04-21T14:16:23","modified_gmt":"2026-04-21T14:16:23","slug":"custom-proton-night-vision-system","status":"publish","type":"product","link":"https:\/\/bosonsystems.store\/fr\/produit\/custom-proton-night-vision-system\/","title":{"rendered":"Syst\u00e8me de vision nocturne Proton custom"},"content":{"rendered":"<div class=\"boson-product-description\">\n<h2>Configurez votre plateforme de vision nocturne Proton<\/h2>\n<p>Construisez un syst\u00e8me adapt\u00e9 \u00e0 votre besoins. La plateforme Proton est con\u00e7ue autour du principe de la modularit\u00e9, permettant de configurer chaque composant selon vos exigences op\u00e9rationnelles. Du tube d'intensification aux optiques, en passant par des sources d\u2019alimentation vari\u00e9es, chaque \u00e9l\u00e9ment peut \u00eatre s\u00e9lectionn\u00e9 et ajust\u00e9.<\/p>\n<p>&nbsp;<\/p>\n<h3>Le coeur de la plateforme<\/h3>\n<p>Choisissez entre une plateforme monoculaire ou binoculaire selon vos besoins. Chaque plateforme est b\u00e2tie autour d'un ch\u00e2ssis robuste en aluminium 7075-T6, con\u00e7u pour offrir durabilit\u00e9 et fiabilit\u00e9 \u00e0 long terme dans des environnements exigeants. Enti\u00e8rement analogiques, les Plateformes Proton Lite (monoculaire, binoculaire) \u00e9liminent toute d\u00e9pendance logicielle et \u00e9lectronique tout en garantissant des performances constantes et pr\u00e9visibles sur le terrain.<\/p>\n<p>&nbsp;<\/p>\n<h3>Le tube d'intensification<\/h3>\n<p>Choisissez votre niveau de performance. Allant du tube aux performances simples et \u00e9quilibr\u00e9es aux versions haut de gamme, chaque tube peut \u00eatre s\u00e9lectionn\u00e9 pour r\u00e9pondre \u00e0 des exigences sp\u00e9cifiques en mati\u00e8re de r\u00e9solution, de sensibilit\u00e9 et de rapport signal\/bruit. Les syst\u00e8mes Proton utilisent des tubes compacts de format MX10160 de 18 mm avec autogating, assurant des performances stables dans des conditions d\u2019\u00e9clairage variables.<\/p>\n<p>&nbsp;<\/p>\n<h3>Le choix des optiques<\/h3>\n<p>Choisissez votre champ de vision en fonction de votre environnement. Les optiques standards \u00e0 40\u00b0 offrent une clart\u00e9 optimale avec une distorsion minimale, tandis que les lentilles grand angle 58\u00b0 \u00e9largissent la perception pour les environnements rapproch\u00e9s ou les op\u00e9rations dynamiques. Chaque option est optimis\u00e9e avec l\u2019architecture Proton.<\/p>\n<p>&nbsp;<\/p>\n<h3>Une multitude d'options d'alimentation<\/h3>\n<p>Utilisez une simple pile CR123A pour une configuration l\u00e9g\u00e8re et autonome, ou prolongez votre autonomie gr\u00e2ce \u00e0 des solutions d\u2019alimentation externes type Battery Pack sur casque via notre Proton Lite Eliminator, un connecteur Fischer 4 broches. Si vous ne poss\u00e9dez pas de Battery Pack, optez pour notre adaptateur Electron X, vous proposant une option d'alimentation compatible avec toute source d'alimentation poss\u00e9dant un mode \"low power\". L'Electron X prend en charge les sources d'alimentation entre 5V et 30V. <span style=\"font-size: 1rem; white-space: pre-wrap;\">If you don&#8217;t have a battery pack, opt for our Electron X adapter, which offers a power option compatible with any power source that has a &#8220;low power&#8221; mode. The Electron X supports power sources between 5V and 30V.<\/span><\/p>\n<div id=\"tw-container\" class=\"nev7se\" data-cp=\"1\" data-nnttsvi=\"1\" data-sletp=\"false\" data-sm=\"1\" data-ssbp=\"true\" data-sugg-time=\"500\" data-sugg-url=\"https:\/\/clients1.google.com\/complete\/search\" data-uilc=\"fr\" data-vil=\",af,af-ZA,am,am-ET,ar-EG,ar-AE,ar-KW,ar-QA,ar,ar-IL,ar-JO,ar-LB,ar-PS,az,az-AZ,bg,bg-BG,bn,bn-BD,bn-IN,ca,ca-es,cs,cs-CZ,de,de-DE,de-CH,de-AT,de-LI,en,en-US,en-CA,en-AU,en-NZ,en-GB,en-IN,en-KE,en-TZ,en-NG,en-GH,en-PH,en-ZA,es,es-ES,es-AR,es-UY,es-419,es-BO,es-CL,es-CR,es-CO,es-DO,es-EC,es-GT,es-HN,es-NI,es-PA,es-PE,es-PR,es-PY,es-SV,es-VE,es-MX,es-US,eu,eu-ES,fi,fi-FI,fr,fr-FR,fr-CH,fr-BE,gl,gl-ES,gu,gu-IN,he,he-IL,iw,iw-IL,hu,hu-HU,hy,hy-AM,id,id-ID,is,is-IS,it,it-IT,it-CH,ja,ja-JP,jv,jv-ID,ka,ka-GE,km,km-KH,kn,kn-IN,ko,ko-KR,la,lo,lo-LA,lv,lv-LV,ml,ml-IN,mr,mr-IN,ms,ms-MY,nl,nl-NL,nb,nb-NO,ne,ne-NP,pl,pl-PL,pt,pt-BR,pt-PT,ro,ro-RO,ru,ru-RU,si-LK,sk,sk-SK,sr,sr-RS,su,su-ID,sv,sv-SE,sw,sw-TZ,sw-KE,ta,ta-IN,ta-SG,ta-LK,ta-MY,te,te-IN,tr,tr-TR,ur,ur-PK,ur-IN,yue,yue-HK,yue-Hant-HK,zh-HK,zh,zh-CN,zh-cmn,zh-cmn-CN,zh-Hans,zh-Hans-CN,zh-cmn-Hans,zh-cmn-Hans-CN,cmn-CN,cmn-Hans,cmn-Hans-CN,zh-TW,zh-Hant-TW,cmn-TW,cmn-Hant-TW,zh-cmn-TW,zh-cmn-Hant-TW,zu,zu-ZA,hi,hi-IN,tl,tl-PH,pa,pa-IN\">\n<div id=\"tw-ob\" class=\"tw-src-ltr\">\n<div class=\"oSioSc\">\n<div id=\"tw-target\">\n<div id=\"kAz1tf\" class=\"g9WsWb PZPZlf\" data-attrid=\"tw-targetArea\" data-entityname=\"Google Translate\">\n<div id=\"tw-target-rmn-container\" class=\"tw-target-rmn tw-ta-container tw-nfl\" tabindex=\"-1\" role=\"text\">\n<pre id=\"tw-target-rmn\" class=\"tw-data-placeholder tw-text-small tw-ta\" dir=\"ltr\" tabindex=\"-1\" role=\"text\" data-placeholder=\"\"><\/pre>\n<\/div>\n<\/div>\n<\/div>\n<\/div>\n<\/div>\n<\/div>\n<p>&nbsp;<\/p>\n<h3>Choisissez des accessoires sp\u00e9cifiques \u00e0 vos besoins.<\/h3>\n<p>Compl\u00e9tez votre plateforme avec une gamme d\u2019accessoires modulaires. Des \u00e9l\u00e9ments de protection aux solutions de gestion des c\u00e2bles et de montage, chaque composant est con\u00e7u pour s\u2019int\u00e9grer parfaitement \u00e0 l\u2019\u00e9cosyst\u00e8me Proton.<\/p>\n<p>&nbsp;<\/p>\n<h3>Une maintenance simplifi\u00e9e sur le terrain<\/h3>\n<p>Chaque module Proton est pens\u00e9 pour \u00eatre entretenu, r\u00e9par\u00e9 et reconfigur\u00e9 directement par l\u2019utilisateur. Pas de retour complet en usine, pas d\u2019immobilisation inutile, remplacez simplement la pi\u00e8ce endommag\u00e9e et maintenez votre syst\u00e8me op\u00e9rationnel.<\/p>\n<p>&nbsp;<\/p>\n<p><strong>Pens\u00e9 et fabriqu\u00e9 en France.<\/strong><\/p>\n<\/div>","protected":false},"excerpt":{"rendered":"<p>Configure Your Proton Night Vision System Build a system that fits your mission\u2014not the other way around. The Proton platform is designed around modularity, allowing you to configure every critical component to match your operational requirements. From tube performance to optics, power solutions, and accessories, each element can be selected and adapted without compromise. &nbsp; [&hellip;]<\/p>\n","protected":false},"featured_media":3474,"template":"","meta":[],"product_brand":[],"product_cat":[92,31],"product_tag":[93],"class_list":{"0":"post-3272","1":"product","2":"type-product","3":"status-publish","4":"has-post-thumbnail","6":"product_cat-configurator","7":"product_cat-all","8":"product_tag-configurator","10":"first","11":"instock","12":"taxable","13":"shipping-taxable","14":"purchasable","15":"product-type-simple"},"jetpack_sharing_enabled":true,"_links":{"self":[{"href":"https:\/\/bosonsystems.store\/fr\/wp-json\/wp\/v2\/product\/3272","targetHints":{"allow":["GET"]}}],"collection":[{"href":"https:\/\/bosonsystems.store\/fr\/wp-json\/wp\/v2\/product"}],"about":[{"href":"https:\/\/bosonsystems.store\/fr\/wp-json\/wp\/v2\/types\/product"}],"wp:featuredmedia":[{"embeddable":true,"href":"https:\/\/bosonsystems.store\/fr\/wp-json\/wp\/v2\/media\/3474"}],"wp:attachment":[{"href":"https:\/\/bosonsystems.store\/fr\/wp-json\/wp\/v2\/media?parent=3272"}],"wp:term":[{"taxonomy":"product_brand","embeddable":true,"href":"https:\/\/bosonsystems.store\/fr\/wp-json\/wp\/v2\/product_brand?post=3272"},{"taxonomy":"product_cat","embeddable":true,"href":"https:\/\/bosonsystems.store\/fr\/wp-json\/wp\/v2\/product_cat?post=3272"},{"taxonomy":"product_tag","embeddable":true,"href":"https:\/\/bosonsystems.store\/fr\/wp-json\/wp\/v2\/product_tag?post=3272"}],"curies":[{"name":"wp","href":"https:\/\/api.w.org\/{rel}","templated":true}]}}