{"id":395,"date":"2025-05-09T14:12:01","date_gmt":"2025-05-09T14:12:01","guid":{"rendered":"https:\/\/bosonsystems.store\/?post_type=product&#038;p=395"},"modified":"2026-01-16T15:00:54","modified_gmt":"2026-01-16T15:00:54","slug":"balek-solutions-flapnods","status":"publish","type":"product","link":"https:\/\/bosonsystems.store\/fr\/produit\/balek-solutions-flapnods\/","title":{"rendered":"Iris Fixe FlapNods pour Vision Nocturne \u2013 S\u00e9rie BLK par Boson Systems"},"content":{"rendered":"<p>Certaines de vos missions peuvent vous amener dans des environnements o\u00f9 vous \u00eates expos\u00e9 \u00e0 des variations de luminosit\u00e9.<\/p>\n<p>&nbsp;<\/p>\n<ul>\n<li><strong>Contr\u00f4le de la lumi\u00e8re<\/strong><br \/>\nWith its 0 to 1 mm ( and 5.5 mm apertures, the Flapnods gives you greater control over the amount of light entering your night-vision device. Transitioning from complete darkness to a brightly lit building is no longer an issue. You can even use it during the day if needed.<\/li>\n<\/ul>\n<p>&nbsp;<\/p>\n<ul>\n<li><strong>Profondeur de champ am\u00e9lior\u00e9e<\/strong><br \/>\nEn r\u00e9duisant l\u2019ouverture, votre image devient plus nette \u00e0 courte distance, ce qui le rend parfait pour les entra\u00eenements CQB ou les sessions d\u2019observation.<\/li>\n<\/ul>\n<p>&nbsp;<\/p>\n<ul>\n<li><strong>Protection<\/strong><br \/>\nAvec sa plaque frontale de 3 mm d\u2019\u00e9paisseur, il prot\u00e8ge votre lentille des chocs, des d\u00e9bris et des rayures, utile lors d\u2019entra\u00eenements force contre force, sur le terrain ou pendant le transport.<\/li>\n<\/ul>\n<p>&nbsp;<\/p>\n<ul>\n<li><strong>Durabilit\u00e9 et utilisation silencieuse<\/strong><br \/>\nImprim\u00e9 en TPU flexible, silencieux et r\u00e9sistant aux rayures, le Flaplid absorbe les chocs sans ab\u00eemer votre optique et reste discret lors de son utilisation.<\/li>\n<\/ul>\n<p>&nbsp;<\/p>\n<ul>\n<li><strong>Acc\u00e8s rapide<\/strong><br \/>\nOuvrez-le d\u2019un geste pour une transmission compl\u00e8te de la lumi\u00e8re. Z\u00e9ro d\u00e9lai, z\u00e9ro obstacle.<\/li>\n<\/ul>\n<p>&nbsp;<\/p>\n<ul>\n<li><strong>Installation facile<\/strong><br \/>\nAucune modification n\u2019est n\u00e9cessaire : fixez\u2011le simplement avec l\u2019\u00e9lastique et le mat\u00e9riel fournis.<\/li>\n<\/ul>","protected":false},"excerpt":{"rendered":"<p>Le Flapnods de la s\u00e9rie BLK par Boson Systems est un iris de lentille con\u00e7u pour les op\u00e9rateurs \u00e9voluant dans des environnements \u00e0 luminosit\u00e9 ambiante variable, comme les zones urbaines. Fabriqu\u00e9 en TPU imprim\u00e9 en MJF, il offre un fonctionnement silencieux et fluide. Le Flapnods vous donne un contr\u00f4le imm\u00e9diat de la lumi\u00e8re, offrant une image plus nette et plus pr\u00e9cise \u00e0 courte distance.<\/p>\n<p><strong>DISCLAIMER : Doesn&#8217;t come in pair, please order 2 for a binocular setup<\/strong><\/p>","protected":false},"featured_media":3005,"template":"","meta":[],"product_brand":[51],"product_cat":[71,90,31,28],"product_tag":[],"class_list":{"0":"post-395","1":"product","2":"type-product","3":"status-publish","4":"has-post-thumbnail","6":"product_brand-balek-solutions","7":"product_cat-attachments","8":"product_cat-night-vision-accessories","9":"product_cat-all","10":"product_cat-accessories","12":"first","13":"instock","14":"taxable","15":"shipping-taxable","16":"purchasable","17":"product-type-simple"},"jetpack_sharing_enabled":true,"_links":{"self":[{"href":"https:\/\/bosonsystems.store\/fr\/wp-json\/wp\/v2\/product\/395","targetHints":{"allow":["GET"]}}],"collection":[{"href":"https:\/\/bosonsystems.store\/fr\/wp-json\/wp\/v2\/product"}],"about":[{"href":"https:\/\/bosonsystems.store\/fr\/wp-json\/wp\/v2\/types\/product"}],"wp:featuredmedia":[{"embeddable":true,"href":"https:\/\/bosonsystems.store\/fr\/wp-json\/wp\/v2\/media\/3005"}],"wp:attachment":[{"href":"https:\/\/bosonsystems.store\/fr\/wp-json\/wp\/v2\/media?parent=395"}],"wp:term":[{"taxonomy":"product_brand","embeddable":true,"href":"https:\/\/bosonsystems.store\/fr\/wp-json\/wp\/v2\/product_brand?post=395"},{"taxonomy":"product_cat","embeddable":true,"href":"https:\/\/bosonsystems.store\/fr\/wp-json\/wp\/v2\/product_cat?post=395"},{"taxonomy":"product_tag","embeddable":true,"href":"https:\/\/bosonsystems.store\/fr\/wp-json\/wp\/v2\/product_tag?post=395"}],"curies":[{"name":"wp","href":"https:\/\/api.w.org\/{rel}","templated":true}]}}