{"id":737,"date":"2025-08-28T13:21:21","date_gmt":"2025-08-28T13:21:21","guid":{"rendered":"https:\/\/bosonsystems.store\/?post_type=product&#038;p=737"},"modified":"2025-12-23T15:50:44","modified_gmt":"2025-12-23T15:50:44","slug":"proton-lite-bino-upgrade-kit","status":"publish","type":"product","link":"https:\/\/bosonsystems.store\/fr\/produit\/proton-lite-bino-upgrade-kit\/","title":{"rendered":"Kit de mise \u00e0 niveau vers binoculaire Proton Lite"},"content":{"rendered":"<p>Transformez votre monoculaire Proton Lite-O en jumelles gr\u00e2ce \u00e0 ce kit de mise \u00e0 niveau<\/p>\n<p>Il comprend un second module optique, complet avec ses optiques et son intensificateur d\u2019image.<\/p>\n<p>&nbsp;<\/p>","protected":false},"excerpt":{"rendered":"<p>Transformez votre monoculaire Proton Lite-O en jumelles gr\u00e2ce \u00e0 ce kit d\u2019extension. Il comprend un second module optique, complet avec ses optiques et son intensificateur d\u2019image. &nbsp;<\/p>","protected":false},"featured_media":739,"template":"","meta":[],"product_brand":[],"product_cat":[65,31,15],"product_tag":[],"class_list":{"0":"post-737","1":"product","2":"type-product","3":"status-publish","4":"has-post-thumbnail","6":"product_cat-binoculars","7":"product_cat-all","8":"product_cat-complete-systems","10":"first","11":"instock","12":"featured","13":"taxable","14":"shipping-taxable","15":"purchasable","16":"product-type-variable"},"jetpack_sharing_enabled":true,"_links":{"self":[{"href":"https:\/\/bosonsystems.store\/fr\/wp-json\/wp\/v2\/product\/737","targetHints":{"allow":["GET"]}}],"collection":[{"href":"https:\/\/bosonsystems.store\/fr\/wp-json\/wp\/v2\/product"}],"about":[{"href":"https:\/\/bosonsystems.store\/fr\/wp-json\/wp\/v2\/types\/product"}],"wp:featuredmedia":[{"embeddable":true,"href":"https:\/\/bosonsystems.store\/fr\/wp-json\/wp\/v2\/media\/739"}],"wp:attachment":[{"href":"https:\/\/bosonsystems.store\/fr\/wp-json\/wp\/v2\/media?parent=737"}],"wp:term":[{"taxonomy":"product_brand","embeddable":true,"href":"https:\/\/bosonsystems.store\/fr\/wp-json\/wp\/v2\/product_brand?post=737"},{"taxonomy":"product_cat","embeddable":true,"href":"https:\/\/bosonsystems.store\/fr\/wp-json\/wp\/v2\/product_cat?post=737"},{"taxonomy":"product_tag","embeddable":true,"href":"https:\/\/bosonsystems.store\/fr\/wp-json\/wp\/v2\/product_tag?post=737"}],"curies":[{"name":"wp","href":"https:\/\/api.w.org\/{rel}","templated":true}]}}