{"id":846,"date":"2025-09-07T13:40:14","date_gmt":"2025-09-07T13:40:14","guid":{"rendered":"https:\/\/bosonsystems.store\/?post_type=product&#038;p=846"},"modified":"2026-04-22T10:18:18","modified_gmt":"2026-04-22T10:18:18","slug":"proton-lite-o-aluminum-night-vision-monocular","status":"publish","type":"product","link":"https:\/\/bosonsystems.store\/fr\/produit\/proton-lite-o-aluminum-night-vision-monocular\/","title":{"rendered":"Monoculaire de vision nocturne en Aluminium Proton Lite-O - Boson Systems"},"content":{"rendered":"<p>Le Proton Lite-O de Boson Systems incarne une nouvelle g\u00e9n\u00e9ration d\u2019\u00e9quipements optiques destin\u00e9s aux utilisateurs les plus exigeants. Con\u00e7u pour r\u00e9pondre aux besoins des professionnels comme des passionn\u00e9s, qu\u2019ils soient experts ou d\u00e9butants, il offre une durabilit\u00e9 extr\u00eame, une ergonomie avanc\u00e9e et une modularit\u00e9 compl\u00e8te, sans compromis.<\/p>\n<p>Pour d\u00e9velopper, la Proton Lite c'est :<\/p>\n<ul>\n<li class=\"translation-block\"><strong>Conception 7075-T6 : Solidit\u00e9 a\u00e9ronautique et l\u00e9g\u00e8ret\u00e9<br><\/strong>\nFabriqu\u00e9 int\u00e9gralement en aluminium 7075-T6, l\u2019un des alliages les plus r\u00e9sistants au monde, le Proton Lite-O offre une rigidit\u00e9 \u00e9quivalente \u00e0 l\u2019acier tout en restant exceptionnellement l\u00e9ger, avec un poids total de 270\u202fg*. Cette conception garantit une fiabilit\u00e9 \u00e0 long terme, m\u00eame dans les conditions les plus extr\u00eames.<br><br>*Poids mesur\u00e9 avec optiques Mil-Spec, tube amplificateur et batterie. Le poids peut varier en fonction des optiques et du tube utilis\u00e9s.<\/li>\n<\/ul>\n<p>&nbsp;<\/p>\n<ul>\n<li class=\"translation-block\"><strong>Finition premium : usinage CNC et anodisation dure<\/strong><br>\nChaque composant est usin\u00e9 CNC (Commande Num\u00e9rique par Ordinateur) pour assurer une pr\u00e9cision parfaite, puis re\u00e7oit une anodisation dure de type III, procurant une protection exceptionnelle contre les rayures, l\u2019usure et la corrosion. Le r\u00e9sultat : un produit \u00e0 la finition irr\u00e9prochable, pens\u00e9 pour durer.<\/li>\n<\/ul>\n<p>&nbsp;<\/p>\n<ul>\n<li style=\"text-align: left;\" class=\"translation-block\"><strong>Fiabilit\u00e9 \u00e9lev\u00e9e : \u00c9lectronique minimale int\u00e9gr\u00e9e<br><\/strong>Pour garantir une r\u00e9sistance maximale aux conditions extr\u00eames, le Proton Lite-O est con\u00e7u avec un minimum d\u2019\u00e9lectronique int\u00e9gr\u00e9e, ce qui lui permet de fonctionner de mani\u00e8re constante quelle que soit la temp\u00e9rature, l\u2019humidit\u00e9 ou les chocs.<\/li>\n<\/ul>\n<p>&nbsp;<\/p>\n<ul>\n<li class=\"translation-block\"><strong>R\u00e9sistant aux intemp\u00e9ries<br><\/strong>Nous sommes fiers de certifier que le Proton Lite-O est conforme \u00e0 la norme IP68. Il a \u00e9t\u00e9 test\u00e9 pour une immersion dans l\u2019eau jusqu\u2019\u00e0 20 m\u00e8tres de profondeur pendant 2 heures.<\/li>\n<\/ul>\n<p>&nbsp;<\/p>\n<ul>\n<li class=\"translation-block\"><strong>Modularit\u00e9 totale : Pod ind\u00e9pendant et module d\u00e9tachable<br><\/strong>Le pod est enti\u00e8rement ind\u00e9pendant et peut \u00eatre d\u00e9tach\u00e9 du module en quelques secondes \u00e0 l\u2019aide d\u2019un simple tournevis hexagonal. Cette modularit\u00e9 permet de passer instantan\u00e9ment d\u2019une configuration monoculaire \u00e0 une configuration binoculaire comme le Proton Lite, et d\u2019adapter votre \u00e9quipement \u00e0 une grande vari\u00e9t\u00e9 de sc\u00e9narios op\u00e9rationnels.De plus, chaque pod dispose de son propre syst\u00e8me d\u2019\u00e9tanch\u00e9it\u00e9 autonome, garantissant le maintien de la purge m\u00eame lorsqu\u2019il est d\u00e9mont\u00e9.<\/li>\n<\/ul>\n<p>&nbsp;<\/p>\n<ul>\n<li class=\"translation-block\"><strong>Un v\u00e9ritable \u00e9cosyst\u00e8me \u00e9volutif<br><\/strong>Tous les produits Boson Systems sont con\u00e7us pour \u00eatre enti\u00e8rement intercompatibles. Les modules, accessoires (comme les addons de la s\u00e9rie BLK) et configurations peuvent \u00eatre combin\u00e9s selon vos besoins.\nCet \u00e9cosyst\u00e8me modulaire offre une \u00e9volutivit\u00e9 exceptionnelle tout en r\u00e9duisant consid\u00e9rablement les co\u00fbts \u00e0 long terme. Si n\u00e9cessaire, vous pouvez transformer votre monoculaire Proton Lite-O en jumelles Proton Lite gr\u00e2ce \u00e0 notre kit de mise \u00e0 niveau Proton Lite Bino.<\/li>\n<\/ul>\n<p>&nbsp;<\/p>\n<ul>\n<li class=\"translation-block\"><strong>Con\u00e7u et fabriqu\u00e9 en France<br><\/strong>Chaque Proton Lite-O est fi\u00e8rement con\u00e7u, d\u00e9velopp\u00e9 et assembl\u00e9 en France dans nos ateliers, avec une attention minutieuse port\u00e9e aux d\u00e9tails. Chaque composant est contr\u00f4l\u00e9 par notre \u00e9quipe pour garantir des performances optimales.<\/li>\n<\/ul>\n<p>&nbsp;<\/p>\n<ul>\n<li class=\"translation-block\"><strong>Garantie \u00e0 vie<br><\/strong>Nous offrons une garantie \u00e0 vie sur tous les produits fabriqu\u00e9s par Boson Systems, valable dans le cadre d\u2019une utilisation normale.<\/li>\n<\/ul>\n<p>&nbsp;<\/p>\n<p style=\"text-align: left;\">Autres sp\u00e9cifications :<\/p>\n<ul>\n<li><strong>Compatible avec la plupart des J-Arms du march\u00e9.<\/strong><\/li>\n<li><strong>Compatible avec toutes les optiques PVS-14 Mil-Spec et standard.<\/strong><\/li>\n<li><strong>Compatible avec les tubes amplificateurs MX10160.<\/strong><\/li>\n<li><strong>Aliment\u00e9 par une batterie CR123 3V<\/strong><\/li>\n<li><strong>Offre environ 40 heures d\u2019utilisation continue avec une seule batterie CR123 3V.<\/strong><\/li>\n<\/ul>\n<p>&nbsp;<\/p>\n<p>Toutes nos unit\u00e9s compl\u00e8tes sont assembl\u00e9es avec des intensificateurs d'image Autogated (\u00e0 d\u00e9clenchement automatique) au Phosphore Blanc ou Vert Gen2+.<\/p>\n<hr \/>\n<p>D\u00e9lai de livraison estim\u00e9 pour les syst\u00e8mes NVT : 3-4 semaines selon le tube.<\/p>\n<p>Estimated lead time on Photonis Systems : 6-12 months depending on tube.<\/p>\n<p>&nbsp;<\/p>\n<h4><strong>Sp\u00e9cificit\u00e9s Tubes - NVT<\/strong><\/h4>\n<table dir=\"ltr\" style=\"height: 338px;\" border=\"1\" width=\"980\" cellspacing=\"0\" cellpadding=\"0\" data-sheets-root=\"1\" data-sheets-baot=\"1\">\n<colgroup>\n<col width=\"166\" \/>\n<col width=\"144\" \/>\n<col width=\"144\" \/>\n<col width=\"144\" \/>\n<col width=\"144\" \/><\/colgroup>\n<tbody>\n<tr>\n<td><\/td>\n<td>NVT4 1400+<\/td>\n<td>NVT5 1600+<\/td>\n<td>NVT7 1900+<\/td>\n<td>NVT8 2400+<\/td>\n<\/tr>\n<tr>\n<td>Format<\/td>\n<td>MX10160 (2-Pad)<\/td>\n<td>MX10160 (2-Pad)<\/td>\n<td>MX10160 (2-Pad)<\/td>\n<td>MX10160 (2-Pad)<\/td>\n<\/tr>\n<tr>\n<td>Ecran<\/td>\n<td>18mm<\/td>\n<td>18mm<\/td>\n<td>18mm<\/td>\n<td>18mm<\/td>\n<\/tr>\n<tr>\n<td>FOM<\/td>\n<td>1400+<\/td>\n<td>1600+<\/td>\n<td>1900+<\/td>\n<td>2400+<\/td>\n<\/tr>\n<tr>\n<td>SNR<\/td>\n<td>20+<\/td>\n<td>25+<\/td>\n<td>26+<\/td>\n<td>32+<\/td>\n<\/tr>\n<tr>\n<td>R\u00e9solution<\/td>\n<td>60+<\/td>\n<td>64+<\/td>\n<td>72+<\/td>\n<td>72+<\/td>\n<\/tr>\n<tr>\n<td>Gain<\/td>\n<td>8000+ cd\/m\u00b2\/lx<\/td>\n<td>8000+ cd\/m\u00b2\/lx<\/td>\n<td>9000+ cd\/m\u00b2\/lx<\/td>\n<td>11000+ cd\/m\u00b2\/lx<\/td>\n<\/tr>\n<tr>\n<td>Phosphore<\/td>\n<td>P45 Blanc<\/td>\n<td>P45 Blanc<\/td>\n<td>P45 Blanc<\/td>\n<td>P45 Blanc<\/td>\n<\/tr>\n<tr>\n<td>Alimentation<\/td>\n<td>Autogated<\/td>\n<td>Autogated<\/td>\n<td>Autogated<\/td>\n<td>Autogated<\/td>\n<\/tr>\n<tr>\n<td>Voltage<\/td>\n<td>2.2 &#8211; 3.4V<\/td>\n<td>2.2 &#8211; 3.4V<\/td>\n<td>2.2 &#8211; 3.4V<\/td>\n<td>2.2 &#8211; 3.4V<\/td>\n<\/tr>\n<tr>\n<td>Dur\u00e9e de vie op\u00e9rationnelle<\/td>\n<td>10k+ Heures<\/td>\n<td>10k+ Heures<\/td>\n<td>10k+ Heures<\/td>\n<td>10k+ Heures<\/td>\n<\/tr>\n<\/tbody>\n<\/table>\n<p>&nbsp;<\/p>\n<h3 data-start=\"217\" data-end=\"232\">Comprendre les Tubes Intensificateurs<\/h3>\n<h4 data-start=\"217\" data-end=\"232\">NVT 4<\/h4>\n<p data-start=\"233\" data-end=\"807\" class=\"translation-block\">Ceci est votre option d'entr\u00e9e de gamme pour les utilisateurs qui souhaitent une capacit\u00e9 de vision nocturne fiable sans atteindre la cat\u00e9gorie de co\u00fbt la plus \u00e9lev\u00e9e. Le tube NNVT NVT 4 offre un Indice de M\u00e9rite (FOM) d'environ 1 400+ et un Rapport Signal\/Bruit (SNR) de 20+ selon la fiche technique NNVT.<br data-start=\"527\" data-end=\"530\">Avec le phosphore blanc (P45) et l'autogating en standard, il offre des performances solides pour l'observation g\u00e9n\u00e9rale en faible luminosit\u00e9 et le d\u00e9ploiement de vision nocturne d'entr\u00e9e de gamme.<br data-start=\"685\" data-end=\"688\"><strong data-start=\"688\" data-end=\"702\">Id\u00e9al pour :<\/strong> les applications sensibles au co\u00fbt, la formation, les syst\u00e8mes de secours ou les op\u00e9rations dans des environnements \u00e0 faible luminosit\u00e9 mod\u00e9r\u00e9e.<\/p>\n<h4 data-start=\"814\" data-end=\"829\">NVT 5<\/h4>\n<p data-start=\"830\" data-end=\"1322\" class=\"translation-block\">Le tube NVT 5 offre un FOM (Indice de M\u00e9rite) minimum am\u00e9lior\u00e9 d'environ 1 600+ et un SNR (Rapport Signal\/Bruit) de 25+.<br data-start=\"981\" data-end=\"984\">Il conserve le m\u00eame format de base (MX10160, phosphore blanc P45, autogated) mais offre une meilleure r\u00e9solution, une clart\u00e9 sup\u00e9rieure dans les sc\u00e8nes plus sombres et une capacit\u00e9 globale am\u00e9lior\u00e9e en faible luminosit\u00e9.<br data-start=\"1163\" data-end=\"1166\"><strong data-start=\"1166\" data-end=\"1180\">Id\u00e9al pour :<\/strong> les utilisateurs qui ont besoin de performances sup\u00e9rieures \u00e0 l'entr\u00e9e de gamme, tout en souhaitant un bon rapport qualit\u00e9-prix, pour des environnements \u00e0 faible ou mixte luminosit\u00e9 plus exigeants.<\/p>\n<h4 data-start=\"1329\" data-end=\"1344\">NVT 7<\/h4>\n<p data-start=\"1345\" data-end=\"1854\" class=\"translation-block\">Performances moyennes \u00e0 \u00e9lev\u00e9es : le NVT 7 1900+ porte le FOM (Indice de M\u00e9rite) \u00e0 environ 1 900+ et le SNR (Rapport Signal\/Bruit) autour de 26+.<br data-start=\"1525\" data-end=\"1528\">Cela offre une r\u00e9solution des d\u00e9tails nettement meilleure et un bruit plus faible lorsque la lumi\u00e8re ambiante diminue, vous permettant de voir plus de structure dans des conditions d'ombre profonde et un contraste plus fin.<br data-start=\"1695\" data-end=\"1698\"><strong data-start=\"1698\" data-end=\"1712\">Id\u00e9al pour :<\/strong> l'usage professionnel, les environnements exigeants, les situations n\u00e9cessitant plus de fid\u00e9lit\u00e9 en basse lumi\u00e8re \u2014 tout en maintenant le co\u00fbt en dessous de la cat\u00e9gorie la plus \u00e9lev\u00e9e.<\/p>\n<h4 data-start=\"1861\" data-end=\"1876\">NVT 8<\/h4>\n<p data-start=\"1877\" data-end=\"2355\" class=\"translation-block\">Le haut de gamme NNVT : le tube NVT 8 (anciennement connu sous le nom de NVT7+ Aero) affiche un FOM (Indice de M\u00e9rite) d'environ 2 400+ et un SNR (Rapport Signal\/Bruit) de 32+.<br data-start=\"2007\" data-end=\"2010\">C'est l'option premium de cette s\u00e9rie : r\u00e9solution maximale, bruit le plus faible, sensibilit\u00e9 la plus \u00e9lev\u00e9e. Pour les utilisateurs qui exigent la performance de vision nocturne la plus puissante et sont pr\u00eats \u00e0 investir en cons\u00e9quence.<br data-start=\"2200\" data-end=\"2203\"><strong data-start=\"2203\" data-end=\"2217\">Id\u00e9al pour :<\/strong> les op\u00e9rations critiques, les conditions d'obscurit\u00e9 extr\u00eames (nuits sans lune, sous-bois denses, missions furtives), les utilisateurs qui veulent le meilleur absolu de cette famille.<\/p>","protected":false},"excerpt":{"rendered":"<p class=\"translation-block\">La monoculaire de vision nocturne Proton Lite-O de Boson Systems incarne une nouvelle g\u00e9n\u00e9ration d\u2019optiques destin\u00e9s aux utilisateurs les plus exigeants. Con\u00e7ue pour r\u00e9pondre aux besoins des professionnels comme des passionn\u00e9s, experts comme d\u00e9butants, elle combine robustesse extr\u00eame, ergonomie avanc\u00e9e et modularit\u00e9 totale, sans compromis.<\/p>","protected":false},"featured_media":332,"template":"","meta":[],"product_brand":[],"product_cat":[66,31,15],"product_tag":[],"class_list":{"0":"post-846","1":"product","2":"type-product","3":"status-publish","4":"has-post-thumbnail","6":"product_cat-monoculars","7":"product_cat-all","8":"product_cat-complete-systems","10":"first","11":"instock","12":"featured","13":"taxable","14":"shipping-taxable","15":"purchasable","16":"product-type-variable"},"jetpack_sharing_enabled":true,"_links":{"self":[{"href":"https:\/\/bosonsystems.store\/fr\/wp-json\/wp\/v2\/product\/846","targetHints":{"allow":["GET"]}}],"collection":[{"href":"https:\/\/bosonsystems.store\/fr\/wp-json\/wp\/v2\/product"}],"about":[{"href":"https:\/\/bosonsystems.store\/fr\/wp-json\/wp\/v2\/types\/product"}],"wp:featuredmedia":[{"embeddable":true,"href":"https:\/\/bosonsystems.store\/fr\/wp-json\/wp\/v2\/media\/332"}],"wp:attachment":[{"href":"https:\/\/bosonsystems.store\/fr\/wp-json\/wp\/v2\/media?parent=846"}],"wp:term":[{"taxonomy":"product_brand","embeddable":true,"href":"https:\/\/bosonsystems.store\/fr\/wp-json\/wp\/v2\/product_brand?post=846"},{"taxonomy":"product_cat","embeddable":true,"href":"https:\/\/bosonsystems.store\/fr\/wp-json\/wp\/v2\/product_cat?post=846"},{"taxonomy":"product_tag","embeddable":true,"href":"https:\/\/bosonsystems.store\/fr\/wp-json\/wp\/v2\/product_tag?post=846"}],"curies":[{"name":"wp","href":"https:\/\/api.w.org\/{rel}","templated":true}]}}