{"id":864,"date":"2025-09-07T13:40:23","date_gmt":"2025-09-07T13:40:23","guid":{"rendered":"https:\/\/bosonsystems.store\/?post_type=product&#038;p=864"},"modified":"2025-11-27T01:31:15","modified_gmt":"2025-11-27T01:31:15","slug":"proton-lite-o-aluminum-night-vision-monocular-housing-kit","status":"publish","type":"product","link":"https:\/\/bosonsystems.store\/fr\/produit\/proton-lite-o-aluminum-night-vision-monocular-housing-kit\/","title":{"rendered":"Proton Lite-O Aluminum Night Vision Monocular Housing Kit"},"content":{"rendered":"<p>PROTON LITE est un syst\u00e8me de vision nocturne simple, sans \u00e9lectronique et sans compromis,\u00a0<strong>enti\u00e8rement usin\u00e9 en aluminium 7075-T6.<\/strong>\u00a0Modulaire, analogique, fiable, il r\u00e9pond \u00e0 toutes vos exigences en mati\u00e8re de vision nocturne, sans aucun superflu.<\/p>\n<p>\ud83c\uddeb\ud83c\uddf7 Fi\u00e8rement con\u00e7u, fabriqu\u00e9 et assembl\u00e9 en France \ud83c\uddeb\ud83c\uddf7<\/p>\n<p><strong>Kit de housing uniquement ; intensificateurs d'image non inclus.<\/strong><\/p>\n<p>D\u00e9lai avant livraison : 6 \u00e0 8 semaines<\/p>\n<h2>MODULAIRE, TOUJOURS<\/h2>\n<p>Utilisez-le comme monoculaire ou cr\u00e9ez un syst\u00e8me binoculaire, le tout \u00e0 partir du m\u00eame housing scell\u00e9. Le changement de configuration ne prend que quelques secondes, sans purge.<\/p>\n<p><img data-recalc-dims=\"1\" fetchpriority=\"high\" decoding=\"async\" class=\"alignnone size-full wp-image-144\" src=\"https:\/\/i0.wp.com\/bosonshop.live-website.com\/wp-content\/uploads\/2025\/05\/binomono.png?resize=800%2C413&#038;ssl=1\" alt=\"\" width=\"800\" height=\"413\" \/><\/p>\n<h3 style=\"text-align: left\"><img data-recalc-dims=\"1\" decoding=\"async\" class=\"alignleft wp-image-104\" src=\"https:\/\/i0.wp.com\/bosonshop.live-website.com\/wp-content\/uploads\/2025\/05\/podtransparent-1.png?resize=155%2C232&#038;ssl=1\" alt=\"\" width=\"155\" height=\"232\" \/><\/h3>\n<h3 style=\"text-align: left\">Pods optiques modulaires<\/h3>\n<p style=\"text-align: left\">Un seul pod optique. Passage en quelques secondes d'une configuration monoculaire \u00e0 binoculaire. Sans purge. Sans compromis.<\/p>\n<p>Con\u00e7u avec une architecture scell\u00e9e et une interface \u00e0 6 contacts.<\/p>\n<p><img data-recalc-dims=\"1\" decoding=\"async\" class=\"alignnone size-large wp-image-508\" src=\"https:\/\/i0.wp.com\/bosonsystems.store\/wp-content\/uploads\/2025\/05\/monohousingcleantrans-1-1024x683.webp?resize=800%2C534&#038;ssl=1\" alt=\"\" width=\"800\" height=\"534\" srcset=\"https:\/\/i0.wp.com\/bosonsystems.store\/wp-content\/uploads\/2025\/05\/monohousingcleantrans-1-scaled.webp?resize=1024%2C683&amp;ssl=1 1024w, https:\/\/i0.wp.com\/bosonsystems.store\/wp-content\/uploads\/2025\/05\/monohousingcleantrans-1-scaled.webp?resize=300%2C200&amp;ssl=1 300w, https:\/\/i0.wp.com\/bosonsystems.store\/wp-content\/uploads\/2025\/05\/monohousingcleantrans-1-scaled.webp?resize=768%2C512&amp;ssl=1 768w, https:\/\/i0.wp.com\/bosonsystems.store\/wp-content\/uploads\/2025\/05\/monohousingcleantrans-1-scaled.webp?resize=1536%2C1024&amp;ssl=1 1536w, https:\/\/i0.wp.com\/bosonsystems.store\/wp-content\/uploads\/2025\/05\/monohousingcleantrans-1-scaled.webp?w=1920&amp;ssl=1 1920w, https:\/\/i0.wp.com\/bosonsystems.store\/wp-content\/uploads\/2025\/05\/monohousingcleantrans-1-scaled.webp?resize=18%2C12&amp;ssl=1 18w, https:\/\/i0.wp.com\/bosonsystems.store\/wp-content\/uploads\/2025\/05\/monohousingcleantrans-1-scaled.webp?resize=600%2C400&amp;ssl=1 600w, https:\/\/i0.wp.com\/bosonsystems.store\/wp-content\/uploads\/2025\/05\/monohousingcleantrans-1-scaled.webp?w=1600&amp;ssl=1 1600w\" sizes=\"(max-width: 800px) 100vw, 800px\" \/><\/p>","protected":false},"excerpt":{"rendered":"<p>PROTON LITE is a simple no-electronics, no-compromise night vision system,\u00a0machined entirely out of 7075-T6 Aluminum.\u00a0Modular, analog, reliable; it does everything you need from a night vision system \u2014 and nothing you don\u2019t. \ud83c\uddeb\ud83c\uddf7\u00a0Proudly designed, manufactured and assembled in France\u00a0\ud83c\uddeb\ud83c\uddf7 Housing kit only, image intensifiers are not included Lead time 4-6 weeks. MODULAR, ALWAYS. Use it [&hellip;]<\/p>\n","protected":false},"featured_media":509,"template":"","meta":[],"product_brand":[],"product_cat":[31,27],"product_tag":[],"class_list":{"0":"post-864","1":"product","2":"type-product","3":"status-publish","4":"has-post-thumbnail","6":"product_cat-all","7":"product_cat-housings","9":"first","10":"instock","11":"taxable","12":"shipping-taxable","13":"purchasable","14":"product-type-variable"},"jetpack_sharing_enabled":true,"_links":{"self":[{"href":"https:\/\/bosonsystems.store\/fr\/wp-json\/wp\/v2\/product\/864","targetHints":{"allow":["GET"]}}],"collection":[{"href":"https:\/\/bosonsystems.store\/fr\/wp-json\/wp\/v2\/product"}],"about":[{"href":"https:\/\/bosonsystems.store\/fr\/wp-json\/wp\/v2\/types\/product"}],"wp:featuredmedia":[{"embeddable":true,"href":"https:\/\/bosonsystems.store\/fr\/wp-json\/wp\/v2\/media\/509"}],"wp:attachment":[{"href":"https:\/\/bosonsystems.store\/fr\/wp-json\/wp\/v2\/media?parent=864"}],"wp:term":[{"taxonomy":"product_brand","embeddable":true,"href":"https:\/\/bosonsystems.store\/fr\/wp-json\/wp\/v2\/product_brand?post=864"},{"taxonomy":"product_cat","embeddable":true,"href":"https:\/\/bosonsystems.store\/fr\/wp-json\/wp\/v2\/product_cat?post=864"},{"taxonomy":"product_tag","embeddable":true,"href":"https:\/\/bosonsystems.store\/fr\/wp-json\/wp\/v2\/product_tag?post=864"}],"curies":[{"name":"wp","href":"https:\/\/api.w.org\/{rel}","templated":true}]}}